{"id":1865,"date":"2018-01-25T12:23:31","date_gmt":"2018-01-25T11:23:31","guid":{"rendered":"https:\/\/merkle-muenchen.de\/agb\/"},"modified":"2023-02-17T11:00:07","modified_gmt":"2023-02-17T10:00:07","slug":"agb","status":"publish","type":"page","link":"https:\/\/www.merkle-muenchen.de\/ru\/agb\/","title":{"rendered":"AGB"},"content":{"rendered":"<p>[vc_row][vc_column][vc_column_text]&nbsp;<\/p>\n<table style=\"width: 100%;\">\n<tbody>\n<tr>\n<td>\n<h2 style=\"text-align: center;\"><strong>AGB\u00b4s<\/strong><\/h2>\n<p><strong>\u00a0<\/strong><strong>der Wilhelm Merkle Schwei\u00dftechnik GmbH, Anton-B\u00f6ck-Str. 31, 81249 M\u00fcnchen, vertreten durch den jeweiligen aktuellen Gesch\u00e4ftsf\u00fchrer.<\/strong><\/td>\n<\/tr>\n<\/tbody>\n<\/table>\n<p>Alle unsere Angebote sind freibleibend und basieren auf unseren allgemeinen Liefer- und Zahlungsbedingungen, die nachfolgend aufgef\u00fchrt sind:<\/p>\n\n<ol>\n<li style=\"text-align: center;\"><strong> Geltung<\/strong><\/li>\n<\/ol>\n<p>Unsere allgemeinen Verkaufs- und Lieferbedingungen gelten f\u00fcr alle Vertr\u00e4ge, Lieferungen und sonstigen Leistungen. Sie gelten auch f\u00fcr alle zuk\u00fcnftigen Vertr\u00e4ge sowie f\u00fcr zuk\u00fcnftige zu erbringende Lieferungen und sonstige Leistungen, auch wenn wir uns in Zukunft nicht ausdr\u00fccklich darauf berufen. Der Besteller erkennt diese Bedingungen mit der Erteilung eines Auftrages an. Abweichungen und Gesch\u00e4ftsbedingungen, die unseren Verkaufs- und Lieferbedingungen widersprechen, werden nur dann Vertragsinhalt, wenn sie von uns ausdr\u00fccklich anerkannt werden.<\/p>\n\n<ol start=\"2\">\n<li style=\"text-align: center;\"><strong> Angebot und Vertragsabschluss<\/strong><\/li>\n<\/ol>\n<p>Unsere Angebote sind freibleibend hinsichtlich Preis- und Lieferungsm\u00f6glichkeit. Die Auftr\u00e4ge gelten erst dann als angenommen, wenn sie von uns schriftlich best\u00e4tigt werden oder stillschweigend Lieferung erfolgt. Dies gilt auch, wenn die Bestellung einer Zweigniederlassung oder einem Vertreter gegen\u00fcber erteilt wurde.<\/p>\n\n<ol start=\"3\">\n<li style=\"text-align: center;\"><strong> Preis<\/strong><\/li>\n<\/ol>\n<p>Unsere Preise gelten ab auslieferndem Werk, einschlie\u00dflich Verladung, jedoch ausschlie\u00dflich Verpackung. Unsere Preise basieren auf den zur Zeit bestehenden Kostenfaktoren.<\/p>\n<p>Wir behalten uns Preisberichtigungen vor, wenn sich die Kostenfaktoren bis zur Lieferung \u00e4ndern. Die Preiserh\u00f6hung wird auf den am Markt durchgesetzten Preis beschr\u00e4nkt. Die Einschr\u00e4nkungen gelten nicht bei Dauerschuldverh\u00e4ltnissen. Mehrwertsteuer wird besonders berechnet und ausgewiesen. Verpackung wird nur bei spezieller Vereinbarung zur\u00fcckgenommen und verg\u00fctet.<\/p>\n\n<ol start=\"4\">\n<li style=\"text-align: center;\"><strong> Umfang und Lieferung<\/strong><\/li>\n<\/ol>\n<p>Unsere schriftliche Auftragsbet\u00e4tigung ist f\u00fcr den Umfang der Lieferung ma\u00dfgebend. Nebenabreden und \u00c4nderungen bed\u00fcrfen unserer schriftlichen Best\u00e4tigung. Alle dem Besteller zur Ausf\u00fchrung von Auftr\u00e4gen \u00fcberlassenen Zeichnungen und Berechnungen bleiben unser Eigentum und sind nach erfolgter Ausf\u00fchrung der Bestellung an uns zur\u00fcckzugeben. Diese d\u00fcrfen nicht an Dritte weitergegeben oder zur Kenntnis gebracht werden.<\/p>\n\n<ol start=\"5\">\n<li style=\"text-align: center;\"><strong> Zahlungsbedingungen<\/strong><\/li>\n<\/ol>\n<p>Unsere Rechnungen sind innerhalb von 30 Tagen ab Rechnungsdatum in bar ohne Abzug zahlbar. Bei \u00dcberschreitung der Zahlungsfristen sind wir berechtigt, Verzugszinsen in gesetzlicher H\u00f6he zu fordern, ohne dass es einer Inverzugsetzung bedarf. Die Geltendmachung eines weitergehenden Schadens behalten wir uns ausdr\u00fccklich vor. Wird f\u00fcr den Kaufpreis Ratenzahlung vereinbart, so wird der gesamte Kaufpreis sofort zur Zahlung f\u00e4llig, wenn eine der Zahlungsfristen nicht eingehalten wird. Aufrechnungsrechte stehen dem Besteller nur zu, wenn seine Gegenanspr\u00fcche rechtskr\u00e4ftig festgestellt, unbestritten oder von uns anerkannt sind. Au\u00dferdem ist er zur Aus\u00fcbung eines Zur\u00fcckbehaltungsrechtes nur insoweit befugt, als sein Gegenanspruch auf dem gleichen Vertragsverh\u00e4ltnis beruht. Bei begr\u00fcndeten Zweifeln an der Kreditw\u00fcrdigkeit des Bestellers sind wir berechtigt, unsere Forderungen ohne R\u00fccksicht auf hereingenommene Wechsel f\u00fcr sofort f\u00e4llig zu erkl\u00e4ren. In diesem Fall sind wir weiterhin berechtigt, Lieferung nur noch gegen Vorauszahlung oder Sicherheitsleistung vorzunehmen oder nach angemessener Nachfrist vom Vertrag zur\u00fcckzutreten bzw. Schadensersatz wegen Nichterf\u00fcllung zu verlangen. Wir sind nicht verpflichtet, Wechsel in Zahlung zu nehmen. Werden diese hereingenommen, so erfolgt dies unter \u00fcblichem Vorbehalt und gegen Berechnung der damit verbundenen Kosten.<\/p>\n\n<ol start=\"6\">\n<li style=\"text-align: center;\"><strong> Lieferzeit<\/strong><\/li>\n<\/ol>\n<p>Die angegebenen Lieferzeiten sind unverbindlich. Sie beginnen, sobald alle Ausf\u00fchrungseinzelheiten gekl\u00e4rt und seitens des Bestellers alle Voraussetzungen erf\u00fcllt sind. Anspr\u00fcche auf Schadenersatz wegen Nichterf\u00fcllung oder nicht rechtzeitiger Lieferung sind ausgeschlossen, sofern keine vors\u00e4tzliche oder grob fahrl\u00e4ssige Pflichtverletzung durch uns oder unserer Erf\u00fcllungsgehilfen vorliegt. Werden wir an der rechtzeitigen Lieferung durch St\u00f6rungen im Betriebsablauf bei uns oder unseren Unterlieferanten, die bei zumutbarer Sorgfalt unabwendbar sind oder durch Arbeitsk\u00e4mpfe gehindert, so verl\u00e4ngert sich die Lieferfrist in angemessenem Ma\u00dfe. Beginn und Ende derartiger Hindernisse werden in wichtigen F\u00e4llen dem Besteller unverz\u00fcglich mitgeteilt. Verz\u00f6gert sich der Versand durch den Besteller, so sind wir berechtigt, f\u00fcr die Lagerung mindestens 0,5% des Rechnungsbetrages pro Monat, beginnend einen Monat nach Anzeige der Versandbereitschaft, zu verlangen.<\/p>\n<p><strong>\u00a0<\/strong><\/p>\n<ol start=\"7\">\n<li style=\"text-align: center;\"><strong> Versand und Gefahrtragung<\/strong><\/li>\n<\/ol>\n<p>Unsere Lieferungen erfolgen ab Werk. Die Gefahr geht sp\u00e4testens dann auf den Besteller \u00fcber, wenn die Ware unser Werk verlassen hat, und zwar auch dann, wenn der Transport mit unseren eigenen Bef\u00f6rderungsmitteln durchgef\u00fchrt wird. Verz\u00f6gert sich der Versand, weil der Besteller die Ware nicht 14 Tage nach Mitteilung der Versandbereitschaft abnimmt, so geht die Gefahr von diesem Tage an auf den Besteller \u00fcber. Auf Wunsch und Kosten des Bestellers sind wir bereit, Transport- und Lagerversicherungen abzuschlie\u00dfen. Wir sind zu Teillieferungen berechtigt. Der Besteller ist verpflichtet, gelieferte Gegenst\u00e4nde auch dann abzunehmen, wenn geringf\u00fcgige M\u00e4ngel vorhanden sind.<\/p>\n\n<ol start=\"8\">\n<li style=\"text-align: center;\"><strong> Gew\u00e4hrleistung<\/strong><\/li>\n<\/ol>\n<p>Der Besteller hat die Waren unverz\u00fcglich zu untersuchen und etwaige M\u00e4ngel bis sp\u00e4testens zum 10. Tage nach Eingang am Bestimmungsort schriftlich zu reklamieren. Verdeckte M\u00e4ngel sind unverz\u00fcglich, sp\u00e4testens jedoch 7 Tage nach Feststellung des Fehlers mitzuteilen. Diese Mitteilung hat durch eingeschriebenen Brief unmittelbar an uns zu erfolgen und nicht an einen unserer Vertreter. Bei berechtigten M\u00e4ngelr\u00fcgen erfolgt nach Wahl des Bestellers Nachbesserung oder Ersatzlieferung. Schl\u00e4gt die Nachbesserung oder die Ersatzlieferung fehl oder verstreicht eine uns gesetzte angemessene Nachfrist zur Nacherf\u00fcllung ungenutzt, ist der Besteller berechtigt, die Verg\u00fctung herabzusetzen oder vom Vertrag zur\u00fcckzutreten. Nach Ablauf von 12 Monaten seit Gefahr\u00fcbergang sind s\u00e4mtliche M\u00e4ngelanspr\u00fcche ausgeschlossen. Schulden wir die Erstellung eines Werks, zum Beispiel Reparatur, betr\u00e4gt diese Frist in jedem Fall 12 Monate und bezieht sich nur auf die Werkleistung und die erneuerten Teile. Werden Musterst\u00fccke hergestellt und dem Besteller zur Pr\u00fcfung \u00fcbergeben, so haften wir daf\u00fcr, dass die Lieferung gem\u00e4\u00df diesen Ausfallmustern ausgef\u00fchrt wird. Werden von Maschinen, die wir herstellen, Musterst\u00fccke bearbeitet, so haften wir nach Anerkennung der Musterst\u00fccke nur daf\u00fcr, dass die Erzeugnisse unserer Maschinen den Mustern entsprechen. Unsere Garantieleistungen entfallen, wenn unsere Betriebsanweisungen nicht in allen Teilen eingehalten werden. Die Beweislast tr\u00e4gt der Besteller. Ohne besondere schriftliche Vereinbarung \u00fcbernehmen wir keine Verantwortung daf\u00fcr, dass die von uns gelieferten Ger\u00e4te ausl\u00e4ndischen Vorschriften entsprechen.<\/p>\n\n<ol start=\"9\">\n<li style=\"text-align: center;\"><strong> Probelieferungen<\/strong><\/li>\n<\/ol>\n<p>Probelieferungen gelten nach Ablauf der vereinbarten Probezeit als auf feste Rechnung zu unseren vorstehenden Bedingungen gebilligt, sofern nicht ausdr\u00fccklich gegenteilig schriftliche Abmachungen bestehen oder die R\u00fccksendung der Waren nicht unmittelbar mit Ablauf der Probezeit erfolgt.<\/p>\n<p><strong>\u00a0<\/strong><\/p>\n<ol start=\"10\">\n<li style=\"text-align: center;\"><strong> Haftungsbeschr\u00e4nkung<\/strong><\/li>\n<\/ol>\n<p>Wir haften nicht auf Schadensersatz f\u00fcr M\u00e4ngel oder andere Pflichtverletzungen. Ausgenommen hiervon sind Sch\u00e4den aus der Verletzung des Lebens, des K\u00f6rpers oder der Gesundheit, wenn wir die Pflichtverletzung zu vertreten haben, und f\u00fcr sonstige Sch\u00e4den, die auf einer vors\u00e4tzlichen oder grob fahrl\u00e4ssigen Pflichtverletzung durch uns oder auf einer von uns erkl\u00e4rten Garantie beruhen. Ausgenommen sind auch Sch\u00e4den, f\u00fcr die wir nach dem Produkthaftungsgesetz zwingend haften oder die auf einer schuldhaften Verletzung wesentlicher Vertragspflichten zur\u00fcckzuf\u00fchren sind. In letzterem Fall beschr\u00e4nkt sich unsere Haftung auf den vorhersehbaren, typischerweise eintretenden Schaden. Die Pflichtverletzung unserer gesetzlichen Vertreter oder unserer Erf\u00fcllungsgehilfen steht einer Pflichtverletzung durch uns gleich.<\/p>\n\n<ol start=\"11\">\n<li style=\"text-align: center;\"><strong> Eigentumsvorbehalt<\/strong><\/li>\n<\/ol>\n<p>Wir behalten uns das Eigentum an den gelieferten Waren bis zur Erf\u00fcllung s\u00e4mtlicher uns aus der Gesch\u00e4ftsverbindung zustehenden Anspr\u00fcche vor. Dies gilt auch, wenn der Preis f\u00fcr bestimmte, vom Besteller bezeichnete Lieferungen bezahlt ist. Verkauft der Besteller die Ware vor deren Bezahlung weiter, so tritt er bis zur vollen Zahlung des Kaufpreises alle Forderungen gegen seine Abnehmer an uns ab. Werden die unter Eigentumsvorbehalt gelieferten Waren weiterverarbeitet, so gehen die neu entstandenen Produkte zur Sicherung unserer Forderung sofort in unser Eigentum \u00fcber. Der Besteller ist zur sorgf\u00e4ltigen Verwahrung der Sache f\u00fcr uns verpflichtet und hat diese auf Verlangen besonders zu lagern oder herauszugeben. Zur Verf\u00fcgung \u00fcber diese Sachen ist er nur im Rahmen eines \u00fcblichen und ordnungsgem\u00e4\u00dfen Gesch\u00e4ftsverkehrs berechtigt, nicht jedoch zur Verpf\u00e4ndung oder Sicherungs\u00fcbereignung. Werden die von uns unter Eigentumsvorbehalt gelieferten Waren verarbeitet, vermischt oder verbunden, so steht uns das Miteigentum im Verh\u00e4ltnis des Rechnungswertes der von uns unter Eigentumsvorbehalt gelieferten Waren zu der Gesamtsumme der Rechnungswerte aller bei der Herstellung oder Vermischung verwandten Waren zu. Der Besteller ist verpflichtet, alle unter Eigentumsvorbehalt gelieferten Waren auf seine Kosten gegen Feuer und Diebstahl zu versichern und uns den Abschluss der Versicherung auf Verlangen jederzeit nachzuweisen. Die Anspr\u00fcche des K\u00e4ufers an die Versicherungsgesellschaft auf Ersatzleistung werden hiermit schon jetzt an uns abgetreten. Bei Zahlungsverzug oder Zahlungsschwierigkeiten sind wir berechtigt, gelieferte Waren zur\u00fcckzufordern. Die R\u00fccknahme gilt nur dann als R\u00fccktritt vom Vertrag, wenn dies dem Besteller ausdr\u00fccklich in schriftlicher Form angezeigt wird. Im anderen Fall erfolgt die R\u00fccknahme zur Sicherstellung unserer Anspr\u00fcche. Alle mit der R\u00fccknahme verbundenen Transportkosten und Lagerkosten gehen zu Lasten des Bestellers. Das gleiche gilt f\u00fcr eine etwaige Wertminderung und f\u00fcr Demontagekosten.<\/p>\n\n<ol start=\"12\">\n<li style=\"text-align: center;\"><strong> Erf\u00fcllungsort und Gerichtsstand<\/strong><\/li>\n<\/ol>\n<p>Erf\u00fcllungsort f\u00fcr Lieferung und Zahlung ist der Sitz der verkaufenden Firma. Gerichtsstand f\u00fcr s\u00e4mtliche zwischen den Parteien sich ergebenden Streitigkeiten ist das Amtsgericht bzw. das Landgericht M\u00fcnchen. Wir sind aber auch berechtigt, Klage am Sitz des K\u00e4ufers zu erheben. Dies gilt auch f\u00fcr Wechsel- und Scheckverbindlichkeiten.<\/p>\n\n<ol start=\"13\">\n<li style=\"text-align: center;\"><strong> Anzuwendendes Recht<\/strong><\/li>\n<\/ol>\n<p>F\u00fcr alle Lieferungen und Leistungen gilt ausschlie\u00dflich das Recht der Bundesrepublik Deutschland.<\/p>\n\n<ol start=\"14\">\n<li style=\"text-align: center;\"><strong> Datenschutz<\/strong><\/li>\n<\/ol>\n<p>Der Kunde erteilt der Firma Merkle die Erlaubnis, seine Daten zu erheben, zu speichern und zu verarbeiten, jedoch nur in dem Ausma\u00df, wie es zur Erf\u00fcllung dieses Vertrages notwendig ist. Die Firma Merkle versichert, diese Daten an keinen Dritten weiter zu geben, davon ausgenommen ist die Weitergabe von n\u00f6tigen Daten an einen Paketdienstleister oder eine Spedition, wenn Ware durch diese angeliefert wird.<\/p>\n<p>Unsere ausf\u00fchrliche Datenschutzerkl\u00e4rung finden Sie unter www.merkle-muenchen.de\/datenschutz\/<\/p>\n<p><strong><u>\u00a0<\/u><\/strong><\/p>\n<ol start=\"15\">\n<li style=\"text-align: center;\"><strong> Schlussbestimmungen<\/strong><\/li>\n<\/ol>\n<p>M\u00fcndliche Nebenabreden bestehen nicht. Zusatzvereinbarungen oder Vertrags\u00e4nderungen bed\u00fcrfen der Schriftform. Dies gilt auch f\u00fcr ein etwaiges Abdingen des Schriftformerfordernisses selbst.<\/p>\n<p><strong><u>\u00a0<\/u><\/strong><\/p>\n<ol start=\"16\">\n<li style=\"text-align: center;\"><strong> Salvatorische Klausel<\/strong><\/li>\n<\/ol>\n<p>Sollten bestehende oder k\u00fcnftig in den Vertrag aufgenommene Bestimmungen dieser Vertragsvereinbarungen ganz oder teilweise rechtsunwirksam sein oder werden oder L\u00fccken aufweisen, so bleibt die Rechtswirksamkeit der \u00fcbrigen Bestimmungen hiervon unber\u00fchrt. Dies gilt auch f\u00fcr den Fall einer Gesetzes\u00e4nderung, \u00c4nderungen der Rechtsprechung oder einer erkennbaren Regelungsl\u00fccke des Vertrages. Die rechtsunwirksamen oder l\u00fcckenhaften Bestimmungen sind durch solche zu ersetzen, die dem Sinn und Zweck der gew\u00fcnschten Bestimmungen in rechtswirksamer Weise wirtschaftlich am n\u00e4chsten kommen.[\/vc_column_text][\/vc_column][\/vc_row]<\/p>\n","protected":false},"excerpt":{"rendered":"<p>[vc_row][vc_column][vc_column_text]&nbsp; AGB\u00b4s \u00a0der Wilhelm Merkle Schwei\u00dftechnik GmbH, Anton-B\u00f6ck-Str. 31, 81249 M\u00fcnchen, vertreten durch den jeweiligen aktuellen Gesch\u00e4ftsf\u00fchrer. Alle unsere Angebote sind freibleibend und basieren auf unseren allgemeinen Liefer- und Zahlungsbedingungen, die nachfolgend aufgef\u00fchrt sind: Geltung Unsere allgemeinen Verkaufs- und Lieferbedingungen gelten f\u00fcr alle Vertr\u00e4ge, Lieferungen und sonstigen Leistungen. Sie gelten auch f\u00fcr alle zuk\u00fcnftigen Vertr\u00e4ge [&hellip;]<\/p>\n","protected":false},"author":1,"featured_media":0,"parent":0,"menu_order":0,"comment_status":"closed","ping_status":"closed","template":"","meta":[],"translation":{"provider":"WPGlobus","version":"3.0.1","language":"ru","enabled_languages":["en","es","de","fr","ru"],"languages":{"en":{"title":true,"content":true,"excerpt":false},"es":{"title":false,"content":false,"excerpt":false},"de":{"title":false,"content":false,"excerpt":false},"fr":{"title":false,"content":false,"excerpt":false},"ru":{"title":false,"content":false,"excerpt":false}}},"acf":[],"yoast_head":"<!-- This site is optimized with the Yoast SEO plugin v21.1 - https:\/\/yoast.com\/wordpress\/plugins\/seo\/ -->\n<title>AGB Merkle M\u00fcnchen | Merkle Schwei\u00dftechnik GmbH<\/title>\n<meta name=\"robots\" content=\"index, follow, max-snippet:-1, max-image-preview:large, max-video-preview:-1\" \/>\n<link rel=\"canonical\" href=\"https:\/\/www.merkle-muenchen.de\/agb\/\" \/>\n<meta property=\"og:locale\" content=\"ru_RU\" \/>\n<meta property=\"og:type\" content=\"article\" \/>\n<meta property=\"og:title\" content=\"AGB - Wilhelm Merkle Schwei\u00dftechnik GmbH: merkle-muenchen.de\" \/>\n<meta property=\"og:url\" content=\"https:\/\/www.merkle-muenchen.de\/agb\/\" \/>\n<meta property=\"og:site_name\" content=\"Wilhelm Merkle Schwei\u00dftechnik GmbH: merkle-muenchen.de\" \/>\n<meta property=\"article:modified_time\" content=\"2023-02-17T10:00:07+00:00\" \/>\n<meta name=\"twitter:card\" content=\"summary_large_image\" \/>\n<meta name=\"twitter:label1\" content=\"Est. reading time\" \/>\n\t<meta name=\"twitter:data1\" content=\"9 minutes\" \/>\n<script type=\"application\/ld+json\" class=\"yoast-schema-graph\">{\"@context\":\"https:\/\/schema.org\",\"@graph\":[{\"@type\":\"WebPage\",\"@id\":\"https:\/\/www.merkle-muenchen.de\/agb\/\",\"url\":\"https:\/\/www.merkle-muenchen.de\/agb\/\",\"name\":\"AGB Merkle M\u00fcnchen | Merkle Schwei\u00dftechnik GmbH\",\"isPartOf\":{\"@id\":\"https:\/\/www.merkle-muenchen.de\/#website\"},\"datePublished\":\"2018-01-25T11:23:31+00:00\",\"dateModified\":\"2023-02-17T10:00:07+00:00\",\"description\":\"Hier finden Sie die allgemeinen Gesch\u00e4ftsbedingungen der Merkle Schwei\u00dftechnik GmbH. AGB Merkle M\u00fcnchen bitte lesen Sie diese sorgf\u00e4ltig durch.\",\"breadcrumb\":{\"@id\":\"https:\/\/www.merkle-muenchen.de\/agb\/#breadcrumb\"},\"inLanguage\":\"ru-RU\",\"potentialAction\":[{\"@type\":\"ReadAction\",\"target\":[\"https:\/\/www.merkle-muenchen.de\/agb\/\"]}]},{\"@type\":\"BreadcrumbList\",\"@id\":\"https:\/\/www.merkle-muenchen.de\/agb\/#breadcrumb\",\"itemListElement\":[{\"@type\":\"ListItem\",\"position\":1,\"name\":\"Startseite\",\"item\":\"https:\/\/www.merkle-muenchen.de\/\"},{\"@type\":\"ListItem\",\"position\":2,\"name\":\"AGB\"}]},{\"@type\":\"WebSite\",\"@id\":\"https:\/\/www.merkle-muenchen.de\/#website\",\"url\":\"https:\/\/www.merkle-muenchen.de\/\",\"name\":\"Wilhelm Merkle Schwei\u00dftechnik GmbH: merkle-muenchen.de\",\"description\":\"\",\"potentialAction\":[{\"@type\":\"SearchAction\",\"target\":{\"@type\":\"EntryPoint\",\"urlTemplate\":\"https:\/\/www.merkle-muenchen.de\/?s={search_term_string}\"},\"query-input\":\"required name=search_term_string\"}],\"inLanguage\":\"ru-RU\"}]}<\/script>\n<!-- \/ Yoast SEO plugin. -->","yoast_head_json":{"title":"AGB Merkle M\u00fcnchen | Merkle Schwei\u00dftechnik GmbH","robots":{"index":"index","follow":"follow","max-snippet":"max-snippet:-1","max-image-preview":"max-image-preview:large","max-video-preview":"max-video-preview:-1"},"canonical":"https:\/\/www.merkle-muenchen.de\/agb\/","og_locale":"ru_RU","og_type":"article","og_title":"AGB - Wilhelm Merkle Schwei\u00dftechnik GmbH: merkle-muenchen.de","og_url":"https:\/\/www.merkle-muenchen.de\/agb\/","og_site_name":"Wilhelm Merkle Schwei\u00dftechnik GmbH: merkle-muenchen.de","article_modified_time":"2023-02-17T10:00:07+00:00","twitter_card":"summary_large_image","twitter_misc":{"Est. reading time":"9 minutes"},"schema":{"@context":"https:\/\/schema.org","@graph":[{"@type":"WebPage","@id":"https:\/\/www.merkle-muenchen.de\/agb\/","url":"https:\/\/www.merkle-muenchen.de\/agb\/","name":"AGB Merkle M\u00fcnchen | Merkle Schwei\u00dftechnik GmbH","isPartOf":{"@id":"https:\/\/www.merkle-muenchen.de\/#website"},"datePublished":"2018-01-25T11:23:31+00:00","dateModified":"2023-02-17T10:00:07+00:00","description":"Hier finden Sie die allgemeinen Gesch\u00e4ftsbedingungen der Merkle Schwei\u00dftechnik GmbH. AGB Merkle M\u00fcnchen bitte lesen Sie diese sorgf\u00e4ltig durch.","breadcrumb":{"@id":"https:\/\/www.merkle-muenchen.de\/agb\/#breadcrumb"},"inLanguage":"ru-RU","potentialAction":[{"@type":"ReadAction","target":["https:\/\/www.merkle-muenchen.de\/agb\/"]}]},{"@type":"BreadcrumbList","@id":"https:\/\/www.merkle-muenchen.de\/agb\/#breadcrumb","itemListElement":[{"@type":"ListItem","position":1,"name":"Startseite","item":"https:\/\/www.merkle-muenchen.de\/"},{"@type":"ListItem","position":2,"name":"AGB"}]},{"@type":"WebSite","@id":"https:\/\/www.merkle-muenchen.de\/#website","url":"https:\/\/www.merkle-muenchen.de\/","name":"Wilhelm Merkle Schwei\u00dftechnik GmbH: merkle-muenchen.de","description":"","potentialAction":[{"@type":"SearchAction","target":{"@type":"EntryPoint","urlTemplate":"https:\/\/www.merkle-muenchen.de\/?s={search_term_string}"},"query-input":"required name=search_term_string"}],"inLanguage":"ru-RU"}]}},"_links":{"self":[{"href":"https:\/\/www.merkle-muenchen.de\/ru\/wp-json\/wp\/v2\/pages\/1865"}],"collection":[{"href":"https:\/\/www.merkle-muenchen.de\/ru\/wp-json\/wp\/v2\/pages"}],"about":[{"href":"https:\/\/www.merkle-muenchen.de\/ru\/wp-json\/wp\/v2\/types\/page"}],"author":[{"embeddable":true,"href":"https:\/\/www.merkle-muenchen.de\/ru\/wp-json\/wp\/v2\/users\/1"}],"replies":[{"embeddable":true,"href":"https:\/\/www.merkle-muenchen.de\/ru\/wp-json\/wp\/v2\/comments?post=1865"}],"version-history":[{"count":3,"href":"https:\/\/www.merkle-muenchen.de\/ru\/wp-json\/wp\/v2\/pages\/1865\/revisions"}],"predecessor-version":[{"id":3178,"href":"https:\/\/www.merkle-muenchen.de\/ru\/wp-json\/wp\/v2\/pages\/1865\/revisions\/3178"}],"wp:attachment":[{"href":"https:\/\/www.merkle-muenchen.de\/ru\/wp-json\/wp\/v2\/media?parent=1865"}],"curies":[{"name":"wp","href":"https:\/\/api.w.org\/{rel}","templated":true}]}}