{"id":2947,"date":"2019-10-16T11:17:22","date_gmt":"2019-10-16T09:17:22","guid":{"rendered":"https:\/\/merkle-muenchen.de\/?page_id=2947"},"modified":"2026-02-16T15:44:05","modified_gmt":"2026-02-16T14:44:05","slug":"jobs","status":"publish","type":"page","link":"https:\/\/www.merkle-muenchen.de\/fr\/jobs\/","title":{"rendered":"Jobs"},"content":{"rendered":"<p>[vc_row css=&#8221;.vc_custom_1761055954873{margin-top: 20px !important;margin-bottom: 20px !important;border-top-width: 1px !important;border-right-width: 1px !important;border-bottom-width: 1px !important;border-left-width: 1px !important;padding-top: 0px !important;padding-right: 35px !important;padding-left: 35px !important;background-color: #ffffff !important;border-left-color: #dddddd !important;border-left-style: solid !important;border-right-color: #dddddd !important;border-right-style: solid !important;border-top-color: #dddddd !important;border-top-style: solid !important;border-bottom-color: #dddddd !important;border-bottom-style: solid !important;border-radius: 10px !important;}&#8221; el_class=&#8221;offer-card-row&#8221;][vc_column][vc_row_inner][vc_column_inner][vc_column_text]<\/p>\n<h1 dir=\"ltr\" style=\"text-align: center\" data-pm-slice=\"0 0 []\"><span style=\"font-size: 18px\">Aktuelle Stellenangebote:<\/span><br \/>\n<span style=\"color: #008080\"><strong>SERVICE-TECHNIKER \/ ELEKTRONIKER \/ ELEKTRIKER<\/strong><br \/>\nf\u00fcr Schwei\u00dfger\u00e4te gesucht,<\/span><\/h1>\n<h3 dir=\"ltr\" style=\"text-align: center\"><span style=\"color: #000000\">hier: \ud83d\udccdMERKLE M\u00fcnchen-Freiham (m\/w\/d)<\/span><\/h3>\n<p>[\/vc_column_text][vc_column_text css=&#8221;.vc_custom_1761054443741{padding-top: 20px !important;padding-right: 10px !important;padding-bottom: 10px !important;padding-left: 10px !important;border-radius: 3px !important;}&#8221;]<\/p>\n<h3 dir=\"ltr\" style=\"margin: auto;max-width: 500px;text-align: center;font-size: 18px;background: #3abc8c;padding: 10px\" data-pm-slice=\"1 1 []\"><strong><span style=\"color: #ffffff\">FULL TIME &#8211; gute Bezahlung &#8211; sicherer Job!<\/span><\/strong><\/h3>\n<p>[\/vc_column_text][vc_column_text css=&#8221;.vc_custom_1761055469393{padding-top: 30px !important;padding-left: 50px !important;}&#8221;]<\/p>\n<div style=\"max-width: 550px;margin: auto\">\n<h5 dir=\"ltr\" style=\"text-align: left\" data-pm-slice=\"0 0 []\"><strong>Genie\u00dfe hervorragende Vorteile in deinem neuen Job:<\/strong><\/h5>\n<p dir=\"ltr\" style=\"text-align: left\"><span style=\"color: #99cc00\">\u2714 <\/span>Firmenauto inkl. privater Nutzung<br \/>\n\u2714 \u00dcbertarifliche Bezahlung<br \/>\n\u2714 Firmenhandy<br \/>\n\u2714 Famili\u00e4res Arbeitsklima<\/p>\n<\/div>\n<p>[\/vc_column_text][vc_column_text css=&#8221;.vc_custom_1761054501175{padding-top: 20px !important;padding-right: 10px !important;padding-bottom: 10px !important;padding-left: 10px !important;border-radius: 3px !important;}&#8221;]<\/p>\n<h3 dir=\"ltr\" style=\"margin: auto;max-width: 500px;text-align: center;font-size: 18px;background: #2f9952;padding: 10px\" data-pm-slice=\"1 1 []\"><strong><span style=\"color: #ffffff\">Das musst du k\u00f6nnen:<\/span><\/strong><\/h3>\n<p>[\/vc_column_text][\/vc_column_inner][\/vc_row_inner][vc_row_inner css=&#8221;.vc_custom_1761054887778{border-radius: 10px !important;}&#8221;][vc_column_inner][vc_column_text css=&#8221;.vc_custom_1761055643809{padding-left: 50px !important;}&#8221;]<\/p>\n<div style=\"max-width: 550px;margin: auto\">\n<p dir=\"ltr\" style=\"text-align: left\">\u2714 Du bist ausgebildeter und <strong>erfahrener Elektroniker\/Techniker<br \/>\n<\/strong><strong>\u2714 <\/strong>Du hast eine g\u00fcltige Fahrerlaubnis<br \/>\n\u2714 Du hast gute Deutschkenntnisse und kannst sicher kommunizieren<\/p>\n<\/div>\n<p>[\/vc_column_text][vc_column_text css_animation=&#8221;none&#8221;]<\/p>\n<p style=\"text-align: center\"><span style=\"color: #000000;text-align: center\">Das ist uns das wichtigste, wenn das passt, schreibe uns jetzt eine Mail mit Lebenslauf f\u00fcr ein Kennenlernen:<\/span><\/p>\n<p>[\/vc_column_text][vc_btn title=&#8221;Email schreiben mit Lebenslauf&#8221; color=&#8221;success&#8221; size=&#8221;lg&#8221; align=&#8221;center&#8221; i_align=&#8221;right&#8221; i_type=&#8221;linecons&#8221; i_icon_linecons=&#8221;vc_li vc_li-paperplane&#8221; add_icon=&#8221;true&#8221; link=&#8221;url:mailto%3Aeric.dietrich%40merkle-muenchen.de||target:%20_blank|&#8221; css=&#8221;.vc_custom_1761055819757{margin-bottom: 50px !important;}&#8221;][vc_column_text css=&#8221;.vc_custom_1761055808153{margin-top: 20px !important;margin-right: 10px !important;margin-bottom: 20px !important;margin-left: 10px !important;border-top-width: 1px !important;border-right-width: 1px !important;border-bottom-width: 1px !important;border-left-width: 1px !important;padding-top: 20px !important;padding-right: 20px !important;padding-bottom: 20px !important;padding-left: 20px !important;background-color: #ffffff !important;border-left-color: #dddddd !important;border-left-style: solid !important;border-right-color: #dddddd !important;border-right-style: solid !important;border-top-color: #dddddd !important;border-top-style: solid !important;border-bottom-color: #dddddd !important;border-bottom-style: solid !important;border-radius: 5px !important;}&#8221;]<\/p>\n<p style=\"text-align: center;font-size: 1.25em;padding-bottom: 0\"><a href=\"https:\/\/www.merkle-muenchen.de\/wp-content\/uploads\/sites\/2\/2024\/11\/stellenangebot-servicetechniker.pdf\" target=\"_blank\" rel=\"noopener\"><span style=\"padding: 3px 5px;font-size: 0.6em;background: #eee;border: 1px solid #ddd;margin-left: 10px\">PDF-Download<\/span><br \/>\nService-Techniker\/in (m\/w\/d) mit Schwerpunkt Schwei\u00dfanlagen<\/a><\/p>\n<p style=\"text-align: center;padding-bottom: 0\">Standort: M\u00fcnchen-Freiham<\/p>\n<p>[\/vc_column_text][vc_column_text css=&#8221;.vc_custom_1732202472159{margin-top: 20px !important;margin-right: 10px !important;margin-bottom: 20px !important;margin-left: 10px !important;border-top-width: 1px !important;border-right-width: 1px !important;border-bottom-width: 1px !important;border-left-width: 1px !important;padding-top: 20px !important;padding-right: 20px !important;padding-bottom: 20px !important;padding-left: 20px !important;background-color: #ffffff !important;border-left-color: #dddddd !important;border-left-style: solid !important;border-right-color: #dddddd !important;border-right-style: solid !important;border-top-color: #dddddd !important;border-top-style: solid !important;border-bottom-color: #dddddd !important;border-bottom-style: solid !important;border-radius: 5px !important;}&#8221; el_class=&#8221;display-none&#8221;]<\/p>\n<p style=\"text-align: center;font-size: 1.5em;padding-bottom: 0\"><a href=\"https:\/\/www.merkle-muenchen.de\/wp-content\/uploads\/sites\/2\/2023\/11\/stellenangebot-fachkraft-lagerlogistik_24.pdf\" target=\"_blank\" rel=\"noopener\">Fachkraft (m\/w\/d) f\u00fcr Lagerlogistik <span style=\"padding: 3px 5px;font-size: 0.6em;background: #eee;border: 1px solid #ddd;margin-left: 10px\">PDF-Download<\/span><\/a><\/p>\n<p style=\"text-align: center;padding-bottom: 0\">Standort: M\u00fcnchen-Freiham<\/p>\n<p>[\/vc_column_text][\/vc_column_inner][\/vc_row_inner][\/vc_column][\/vc_row][vc_row][vc_column][\/vc_column][\/vc_row]<\/p>\n","protected":false},"excerpt":{"rendered":"<p>[vc_row css=&#8221;.vc_custom_1761055954873{margin-top: 20px !important;margin-bottom: 20px !important;border-top-width: 1px !important;border-right-width: 1px !important;border-bottom-width: 1px !important;border-left-width: 1px !important;padding-top: 0px !important;padding-right: 35px !important;padding-left: 35px !important;background-color: #ffffff !important;border-left-color: #dddddd !important;border-left-style: solid !important;border-right-color: #dddddd !important;border-right-style: solid !important;border-top-color: #dddddd !important;border-top-style: solid !important;border-bottom-color: #dddddd !important;border-bottom-style: solid !important;border-radius: 10px !important;}&#8221; el_class=&#8221;offer-card-row&#8221;][vc_column][vc_row_inner][vc_column_inner][vc_column_text] Aktuelle Stellenangebote: SERVICE-TECHNIKER \/ ELEKTRONIKER \/ ELEKTRIKER f\u00fcr Schwei\u00dfger\u00e4te gesucht, hier: \ud83d\udccdMERKLE M\u00fcnchen-Freiham (m\/w\/d) [&hellip;]<\/p>\n","protected":false},"author":1,"featured_media":0,"parent":0,"menu_order":0,"comment_status":"closed","ping_status":"closed","template":"","meta":[],"translation":{"provider":"WPGlobus","version":"3.0.1","language":"fr","enabled_languages":["en","es","de","fr","ru"],"languages":{"en":{"title":true,"content":true,"excerpt":false},"es":{"title":false,"content":false,"excerpt":false},"de":{"title":false,"content":false,"excerpt":false},"fr":{"title":false,"content":false,"excerpt":false},"ru":{"title":false,"content":false,"excerpt":false}}},"acf":[],"yoast_head":"<!-- This site is optimized with the Yoast SEO plugin v21.1 - https:\/\/yoast.com\/wordpress\/plugins\/seo\/ -->\n<title>Merkle M\u00fcnchen Jobs | Merkle Schwei\u00dftechnik GmbH<\/title>\n<meta name=\"robots\" content=\"index, follow, max-snippet:-1, max-image-preview:large, max-video-preview:-1\" \/>\n<link rel=\"canonical\" href=\"https:\/\/www.merkle-muenchen.de\/jobs\/\" \/>\n<meta property=\"og:locale\" content=\"fr_FR\" \/>\n<meta property=\"og:type\" content=\"article\" \/>\n<meta property=\"og:title\" content=\"Jobs - Wilhelm Merkle Schwei\u00dftechnik GmbH: merkle-muenchen.de\" \/>\n<meta property=\"og:url\" content=\"https:\/\/www.merkle-muenchen.de\/jobs\/\" \/>\n<meta property=\"og:site_name\" content=\"Wilhelm Merkle Schwei\u00dftechnik GmbH: merkle-muenchen.de\" \/>\n<meta property=\"article:modified_time\" content=\"2026-02-16T14:44:05+00:00\" \/>\n<meta name=\"twitter:card\" content=\"summary_large_image\" \/>\n<meta name=\"twitter:label1\" content=\"Est. reading time\" \/>\n\t<meta name=\"twitter:data1\" content=\"2 minutes\" \/>\n<script type=\"application\/ld+json\" class=\"yoast-schema-graph\">{\"@context\":\"https:\/\/schema.org\",\"@graph\":[{\"@type\":\"WebPage\",\"@id\":\"https:\/\/www.merkle-muenchen.de\/jobs\/\",\"url\":\"https:\/\/www.merkle-muenchen.de\/jobs\/\",\"name\":\"Merkle M\u00fcnchen Jobs | Merkle Schwei\u00dftechnik GmbH\",\"isPartOf\":{\"@id\":\"https:\/\/www.merkle-muenchen.de\/#website\"},\"datePublished\":\"2019-10-16T09:17:22+00:00\",\"dateModified\":\"2026-02-16T14:44:05+00:00\",\"description\":\"Merkle M\u00fcnchen sucht Sie! Sehen Sie hier unsere offenen Stellenausschreibungen. Senden Sie uns Ihre aussagekr\u00e4ftigen Bewerbungsunterlagen.\",\"breadcrumb\":{\"@id\":\"https:\/\/www.merkle-muenchen.de\/jobs\/#breadcrumb\"},\"inLanguage\":\"fr-FR\",\"potentialAction\":[{\"@type\":\"ReadAction\",\"target\":[\"https:\/\/www.merkle-muenchen.de\/jobs\/\"]}]},{\"@type\":\"BreadcrumbList\",\"@id\":\"https:\/\/www.merkle-muenchen.de\/jobs\/#breadcrumb\",\"itemListElement\":[{\"@type\":\"ListItem\",\"position\":1,\"name\":\"Startseite\",\"item\":\"https:\/\/www.merkle-muenchen.de\/\"},{\"@type\":\"ListItem\",\"position\":2,\"name\":\"Jobs\"}]},{\"@type\":\"WebSite\",\"@id\":\"https:\/\/www.merkle-muenchen.de\/#website\",\"url\":\"https:\/\/www.merkle-muenchen.de\/\",\"name\":\"Wilhelm Merkle Schwei\u00dftechnik GmbH: merkle-muenchen.de\",\"description\":\"\",\"potentialAction\":[{\"@type\":\"SearchAction\",\"target\":{\"@type\":\"EntryPoint\",\"urlTemplate\":\"https:\/\/www.merkle-muenchen.de\/?s={search_term_string}\"},\"query-input\":\"required name=search_term_string\"}],\"inLanguage\":\"fr-FR\"}]}<\/script>\n<!-- \/ Yoast SEO plugin. -->","yoast_head_json":{"title":"Merkle M\u00fcnchen Jobs | Merkle Schwei\u00dftechnik GmbH","robots":{"index":"index","follow":"follow","max-snippet":"max-snippet:-1","max-image-preview":"max-image-preview:large","max-video-preview":"max-video-preview:-1"},"canonical":"https:\/\/www.merkle-muenchen.de\/jobs\/","og_locale":"fr_FR","og_type":"article","og_title":"Jobs - Wilhelm Merkle Schwei\u00dftechnik GmbH: merkle-muenchen.de","og_url":"https:\/\/www.merkle-muenchen.de\/jobs\/","og_site_name":"Wilhelm Merkle Schwei\u00dftechnik GmbH: merkle-muenchen.de","article_modified_time":"2026-02-16T14:44:05+00:00","twitter_card":"summary_large_image","twitter_misc":{"Est. reading time":"2 minutes"},"schema":{"@context":"https:\/\/schema.org","@graph":[{"@type":"WebPage","@id":"https:\/\/www.merkle-muenchen.de\/jobs\/","url":"https:\/\/www.merkle-muenchen.de\/jobs\/","name":"Merkle M\u00fcnchen Jobs | Merkle Schwei\u00dftechnik GmbH","isPartOf":{"@id":"https:\/\/www.merkle-muenchen.de\/#website"},"datePublished":"2019-10-16T09:17:22+00:00","dateModified":"2026-02-16T14:44:05+00:00","description":"Merkle M\u00fcnchen sucht Sie! Sehen Sie hier unsere offenen Stellenausschreibungen. Senden Sie uns Ihre aussagekr\u00e4ftigen Bewerbungsunterlagen.","breadcrumb":{"@id":"https:\/\/www.merkle-muenchen.de\/jobs\/#breadcrumb"},"inLanguage":"fr-FR","potentialAction":[{"@type":"ReadAction","target":["https:\/\/www.merkle-muenchen.de\/jobs\/"]}]},{"@type":"BreadcrumbList","@id":"https:\/\/www.merkle-muenchen.de\/jobs\/#breadcrumb","itemListElement":[{"@type":"ListItem","position":1,"name":"Startseite","item":"https:\/\/www.merkle-muenchen.de\/"},{"@type":"ListItem","position":2,"name":"Jobs"}]},{"@type":"WebSite","@id":"https:\/\/www.merkle-muenchen.de\/#website","url":"https:\/\/www.merkle-muenchen.de\/","name":"Wilhelm Merkle Schwei\u00dftechnik GmbH: merkle-muenchen.de","description":"","potentialAction":[{"@type":"SearchAction","target":{"@type":"EntryPoint","urlTemplate":"https:\/\/www.merkle-muenchen.de\/?s={search_term_string}"},"query-input":"required name=search_term_string"}],"inLanguage":"fr-FR"}]}},"_links":{"self":[{"href":"https:\/\/www.merkle-muenchen.de\/fr\/wp-json\/wp\/v2\/pages\/2947"}],"collection":[{"href":"https:\/\/www.merkle-muenchen.de\/fr\/wp-json\/wp\/v2\/pages"}],"about":[{"href":"https:\/\/www.merkle-muenchen.de\/fr\/wp-json\/wp\/v2\/types\/page"}],"author":[{"embeddable":true,"href":"https:\/\/www.merkle-muenchen.de\/fr\/wp-json\/wp\/v2\/users\/1"}],"replies":[{"embeddable":true,"href":"https:\/\/www.merkle-muenchen.de\/fr\/wp-json\/wp\/v2\/comments?post=2947"}],"version-history":[{"count":52,"href":"https:\/\/www.merkle-muenchen.de\/fr\/wp-json\/wp\/v2\/pages\/2947\/revisions"}],"predecessor-version":[{"id":3370,"href":"https:\/\/www.merkle-muenchen.de\/fr\/wp-json\/wp\/v2\/pages\/2947\/revisions\/3370"}],"wp:attachment":[{"href":"https:\/\/www.merkle-muenchen.de\/fr\/wp-json\/wp\/v2\/media?parent=2947"}],"curies":[{"name":"wp","href":"https:\/\/api.w.org\/{rel}","templated":true}]}}