{"id":1798,"date":"2018-01-23T11:43:41","date_gmt":"2018-01-23T10:43:41","guid":{"rendered":"https:\/\/merkle-muenchen.de\/laden\/"},"modified":"2025-01-13T14:12:35","modified_gmt":"2025-01-13T13:12:35","slug":"laden","status":"publish","type":"page","link":"https:\/\/www.merkle-muenchen.de\/fr\/laden\/","title":{"rendered":"Laden"},"content":{"rendered":"<p>[vc_row full_width=&#8221;stretch_row_content_no_spaces&#8221; el_class=&#8221;banner&#8221;][vc_column css=&#8221;.vc_custom_1516981756860{padding-right: 0px !important;padding-left: 0px !important;}&#8221;][vc_single_image image=&#8221;3307&#8243; img_size=&#8221;full&#8221; alignment=&#8221;center&#8221; el_class=&#8221;subhead-banner&#8221;][\/vc_column][\/vc_row][vc_row][vc_column][vc_custom_heading text=&#8221;Unser Schwei\u00dferladen&#8221; font_container=&#8221;tag:h1|text_align:left&#8221; use_theme_fonts=&#8221;yes&#8221;][vc_column_text]<\/p>\n<h4>Alles, was ein Schwei\u00dfer braucht &#8211; auf Lager!<\/h4>\n<p>[\/vc_column_text][vc_row_inner][vc_column_inner width=&#8221;1\/2&#8243;][vc_column_text]Als f\u00fchrender schwei\u00dftechnischer Fachh\u00e4ndler von hochwertigen Schwei\u00dfanlagen und Schwei\u00dfzubeh\u00f6r k\u00f6nnen wir Ihnen in unserem Schwei\u00dfladen alles, was ein Schwei\u00dfer braucht, direkt vor Ort bieten &#8211; und das sofort, denn wir haben so ziemlich alles direkt auf Lager. Durch unsere extra langen \u00d6ffnungszeiten unter der Woche (schon ab 6:30 bis 18.00 Uhr &#8211; Mittagspause von 12:00 bis 13:00 Uhr) sowie samstags ( bis 12:00) k\u00f6nnen wir schnell helfen.\u00a0Bei Bedarf liefern wir die bestellte Ware auch direkt zu Ihnen nach Hause.<\/p>\n<p>Falls es ein Notfall ist, sind wir auch zu jeder Tages- und Nachtzeit gegen einen geringen Aufschlag f\u00fcr Sie da &#8211; wirklich einmalig in unserer Branche.[\/vc_column_text][\/vc_column_inner][vc_column_inner width=&#8221;1\/2&#8243;][vc_column_text]<\/p>\n<div>\n<p class=\"bodytext\">Au\u00dferdem genie\u00dfen Sie bei uns den Vorteil, Sie erwerben die Schwei\u00df- und Schneidanlagen, sowie entsprechende Brenner direkt vom Hersteller zu den besten Konditionen.<\/p>\n<p>Und damit Ihr Besuch bei Merkle M\u00fcnchen jedes Mal ein Vergn\u00fcgen ist, stehen Ihnen w\u00e4hrend Ihres Besuches kostenlos eine gro\u00dfe Auswahl an warmen und kalten Getr\u00e4nken zur Verf\u00fcgung sowie unsere kostenlosen Parkpl\u00e4tze direkt vor der T\u00fcr.<\/p>\n<p>Kommen Sie vorbei! Bei Merkle gibt es alles, was ein Schwei\u00dfer braucht.<\/p>\n<\/div>\n<p>[\/vc_column_text][\/vc_column_inner][\/vc_row_inner][\/vc_column][\/vc_row][vc_row el_class=&#8221;bxslider&#8221;][vc_column]\n\t <div class='item '>\n\t\t <div class='bild'>\n\t\t\t<img width=\"1200\" height=\"800\" src=\"https:\/\/www.merkle-muenchen.de\/wp-content\/uploads\/sites\/2\/2025\/01\/20241021-merkle-munchen-filiale-und-mitarbeiter-dsc09786.jpg\" class=\"attachment-1200xauto size-1200xauto\" alt=\"\" decoding=\"async\" loading=\"lazy\" title=\"20241021 Merkle Mu\u0308nchen &#8211; Filiale und Mitarbeiter &#8211; DSC09786\" srcset=\"https:\/\/www.merkle-muenchen.de\/wp-content\/uploads\/sites\/2\/2025\/01\/20241021-merkle-munchen-filiale-und-mitarbeiter-dsc09786.jpg 1920w, https:\/\/www.merkle-muenchen.de\/wp-content\/uploads\/sites\/2\/2025\/01\/20241021-merkle-munchen-filiale-und-mitarbeiter-dsc09786-300x200.jpg 300w, https:\/\/www.merkle-muenchen.de\/wp-content\/uploads\/sites\/2\/2025\/01\/20241021-merkle-munchen-filiale-und-mitarbeiter-dsc09786-1024x683.jpg 1024w, https:\/\/www.merkle-muenchen.de\/wp-content\/uploads\/sites\/2\/2025\/01\/20241021-merkle-munchen-filiale-und-mitarbeiter-dsc09786-768x512.jpg 768w, https:\/\/www.merkle-muenchen.de\/wp-content\/uploads\/sites\/2\/2025\/01\/20241021-merkle-munchen-filiale-und-mitarbeiter-dsc09786-1536x1024.jpg 1536w\" sizes=\"(max-width: 1200px) 100vw, 1200px\" \/>\n\t\t <\/div>\n\t\t <div class='text'>\n\t\t <p>Bekommen Sie Einblick in unser Fachgesch\u00e4ft<\/p>\n\n\t\t <\/div>\n\t <\/div>\n\t \n\t <div class='item '>\n\t\t <div class='bild'>\n\t\t\t<img width=\"1200\" height=\"800\" src=\"https:\/\/www.merkle-muenchen.de\/wp-content\/uploads\/sites\/2\/2025\/01\/20241021-merkle-munchen-filiale-und-mitarbeiter-dsc09808.jpg\" class=\"attachment-1200xauto size-1200xauto\" alt=\"\" decoding=\"async\" loading=\"lazy\" title=\"20241021 Merkle Mu\u0308nchen &#8211; Filiale und Mitarbeiter &#8211; DSC09808\" srcset=\"https:\/\/www.merkle-muenchen.de\/wp-content\/uploads\/sites\/2\/2025\/01\/20241021-merkle-munchen-filiale-und-mitarbeiter-dsc09808.jpg 1920w, https:\/\/www.merkle-muenchen.de\/wp-content\/uploads\/sites\/2\/2025\/01\/20241021-merkle-munchen-filiale-und-mitarbeiter-dsc09808-300x200.jpg 300w, https:\/\/www.merkle-muenchen.de\/wp-content\/uploads\/sites\/2\/2025\/01\/20241021-merkle-munchen-filiale-und-mitarbeiter-dsc09808-1024x683.jpg 1024w, https:\/\/www.merkle-muenchen.de\/wp-content\/uploads\/sites\/2\/2025\/01\/20241021-merkle-munchen-filiale-und-mitarbeiter-dsc09808-768x512.jpg 768w, https:\/\/www.merkle-muenchen.de\/wp-content\/uploads\/sites\/2\/2025\/01\/20241021-merkle-munchen-filiale-und-mitarbeiter-dsc09808-1536x1024.jpg 1536w\" sizes=\"(max-width: 1200px) 100vw, 1200px\" \/>\n\t\t <\/div>\n\t\t <div class='text'>\n\t\t <p>Bekommen Sie Einblick in unser Fachgesch\u00e4ft<\/p>\n\n\t\t <\/div>\n\t <\/div>\n\t \n\t <div class='item '>\n\t\t <div class='bild'>\n\t\t\t<img width=\"1200\" height=\"800\" src=\"https:\/\/www.merkle-muenchen.de\/wp-content\/uploads\/sites\/2\/2025\/01\/20241021-merkle-munchen-filiale-und-mitarbeiter-dsc01022-hdr.jpg\" class=\"attachment-1200xauto size-1200xauto\" alt=\"\" decoding=\"async\" loading=\"lazy\" title=\"20241021 Merkle Mu\u0308nchen &#8211; Filiale und Mitarbeiter &#8211; DSC01022-HDR\" srcset=\"https:\/\/www.merkle-muenchen.de\/wp-content\/uploads\/sites\/2\/2025\/01\/20241021-merkle-munchen-filiale-und-mitarbeiter-dsc01022-hdr.jpg 1920w, https:\/\/www.merkle-muenchen.de\/wp-content\/uploads\/sites\/2\/2025\/01\/20241021-merkle-munchen-filiale-und-mitarbeiter-dsc01022-hdr-300x200.jpg 300w, https:\/\/www.merkle-muenchen.de\/wp-content\/uploads\/sites\/2\/2025\/01\/20241021-merkle-munchen-filiale-und-mitarbeiter-dsc01022-hdr-1024x683.jpg 1024w, https:\/\/www.merkle-muenchen.de\/wp-content\/uploads\/sites\/2\/2025\/01\/20241021-merkle-munchen-filiale-und-mitarbeiter-dsc01022-hdr-768x512.jpg 768w, https:\/\/www.merkle-muenchen.de\/wp-content\/uploads\/sites\/2\/2025\/01\/20241021-merkle-munchen-filiale-und-mitarbeiter-dsc01022-hdr-1536x1024.jpg 1536w\" sizes=\"(max-width: 1200px) 100vw, 1200px\" \/>\n\t\t <\/div>\n\t\t <div class='text'>\n\t\t <p>Bekommen Sie Einblick in unser Fachgesch\u00e4ft<\/p>\n\n\t\t <\/div>\n\t <\/div>\n\t \n\t <div class='item '>\n\t\t <div class='bild'>\n\t\t\t<img width=\"1200\" height=\"800\" src=\"https:\/\/www.merkle-muenchen.de\/wp-content\/uploads\/sites\/2\/2025\/01\/20241021-merkle-munchen-filiale-und-mitarbeiter-dsc01021-hdr.jpg\" class=\"attachment-1200xauto size-1200xauto\" alt=\"\" decoding=\"async\" loading=\"lazy\" title=\"20241021 Merkle Mu\u0308nchen &#8211; Filiale und Mitarbeiter &#8211; DSC01021-HDR\" srcset=\"https:\/\/www.merkle-muenchen.de\/wp-content\/uploads\/sites\/2\/2025\/01\/20241021-merkle-munchen-filiale-und-mitarbeiter-dsc01021-hdr.jpg 1920w, https:\/\/www.merkle-muenchen.de\/wp-content\/uploads\/sites\/2\/2025\/01\/20241021-merkle-munchen-filiale-und-mitarbeiter-dsc01021-hdr-300x200.jpg 300w, https:\/\/www.merkle-muenchen.de\/wp-content\/uploads\/sites\/2\/2025\/01\/20241021-merkle-munchen-filiale-und-mitarbeiter-dsc01021-hdr-1024x683.jpg 1024w, https:\/\/www.merkle-muenchen.de\/wp-content\/uploads\/sites\/2\/2025\/01\/20241021-merkle-munchen-filiale-und-mitarbeiter-dsc01021-hdr-768x512.jpg 768w, https:\/\/www.merkle-muenchen.de\/wp-content\/uploads\/sites\/2\/2025\/01\/20241021-merkle-munchen-filiale-und-mitarbeiter-dsc01021-hdr-1536x1024.jpg 1536w\" sizes=\"(max-width: 1200px) 100vw, 1200px\" \/>\n\t\t <\/div>\n\t\t <div class='text'>\n\t\t <p>Bekommen Sie Einblick in unser Fachgesch\u00e4ft<\/p>\n\n\t\t <\/div>\n\t <\/div>\n\t \n\t <div class='item '>\n\t\t <div class='bild'>\n\t\t\t<img width=\"1200\" height=\"800\" src=\"https:\/\/www.merkle-muenchen.de\/wp-content\/uploads\/sites\/2\/2025\/01\/20241021-merkle-munchen-filiale-und-mitarbeiter-dsc09881-hdr.jpg\" class=\"attachment-1200xauto size-1200xauto\" alt=\"\" decoding=\"async\" loading=\"lazy\" title=\"20241021 Merkle Mu\u0308nchen &#8211; Filiale und Mitarbeiter &#8211; DSC09881-HDR\" srcset=\"https:\/\/www.merkle-muenchen.de\/wp-content\/uploads\/sites\/2\/2025\/01\/20241021-merkle-munchen-filiale-und-mitarbeiter-dsc09881-hdr.jpg 1920w, https:\/\/www.merkle-muenchen.de\/wp-content\/uploads\/sites\/2\/2025\/01\/20241021-merkle-munchen-filiale-und-mitarbeiter-dsc09881-hdr-300x200.jpg 300w, https:\/\/www.merkle-muenchen.de\/wp-content\/uploads\/sites\/2\/2025\/01\/20241021-merkle-munchen-filiale-und-mitarbeiter-dsc09881-hdr-1024x683.jpg 1024w, https:\/\/www.merkle-muenchen.de\/wp-content\/uploads\/sites\/2\/2025\/01\/20241021-merkle-munchen-filiale-und-mitarbeiter-dsc09881-hdr-768x512.jpg 768w, https:\/\/www.merkle-muenchen.de\/wp-content\/uploads\/sites\/2\/2025\/01\/20241021-merkle-munchen-filiale-und-mitarbeiter-dsc09881-hdr-1536x1024.jpg 1536w\" sizes=\"(max-width: 1200px) 100vw, 1200px\" \/>\n\t\t <\/div>\n\t\t <div class='text'>\n\t\t <p>Bekommen Sie Einblick in unser Fachgesch\u00e4ft<\/p>\n\n\t\t <\/div>\n\t <\/div>\n\t \n\t <div class='item '>\n\t\t <div class='bild'>\n\t\t\t<img width=\"1200\" height=\"800\" src=\"https:\/\/www.merkle-muenchen.de\/wp-content\/uploads\/sites\/2\/2025\/01\/20241021-merkle-munchen-filiale-und-mitarbeiter-dsc01059.jpg\" class=\"attachment-1200xauto size-1200xauto\" alt=\"\" decoding=\"async\" loading=\"lazy\" title=\"20241021 Merkle Mu\u0308nchen &#8211; Filiale und Mitarbeiter &#8211; DSC01059\" srcset=\"https:\/\/www.merkle-muenchen.de\/wp-content\/uploads\/sites\/2\/2025\/01\/20241021-merkle-munchen-filiale-und-mitarbeiter-dsc01059.jpg 1920w, https:\/\/www.merkle-muenchen.de\/wp-content\/uploads\/sites\/2\/2025\/01\/20241021-merkle-munchen-filiale-und-mitarbeiter-dsc01059-300x200.jpg 300w, https:\/\/www.merkle-muenchen.de\/wp-content\/uploads\/sites\/2\/2025\/01\/20241021-merkle-munchen-filiale-und-mitarbeiter-dsc01059-1024x683.jpg 1024w, https:\/\/www.merkle-muenchen.de\/wp-content\/uploads\/sites\/2\/2025\/01\/20241021-merkle-munchen-filiale-und-mitarbeiter-dsc01059-768x512.jpg 768w, https:\/\/www.merkle-muenchen.de\/wp-content\/uploads\/sites\/2\/2025\/01\/20241021-merkle-munchen-filiale-und-mitarbeiter-dsc01059-1536x1024.jpg 1536w\" sizes=\"(max-width: 1200px) 100vw, 1200px\" \/>\n\t\t <\/div>\n\t\t <div class='text'>\n\t\t <p>Bekommen Sie Einblick in unser Fachgesch\u00e4ft<\/p>\n\n\t\t <\/div>\n\t <\/div>\n\t \n\t <div class='item '>\n\t\t <div class='bild'>\n\t\t\t<img width=\"1200\" height=\"700\" src=\"https:\/\/www.merkle-muenchen.de\/wp-content\/uploads\/sites\/2\/2018\/07\/laden-1200-x700.png\" class=\"attachment-1200xauto size-1200xauto\" alt=\"Schwei\u00dferladen Merkle\" decoding=\"async\" loading=\"lazy\" title=\"Schwei\u00dferladen Merkle\" srcset=\"https:\/\/www.merkle-muenchen.de\/wp-content\/uploads\/sites\/2\/2018\/07\/laden-1200-x700.png 1200w, https:\/\/www.merkle-muenchen.de\/wp-content\/uploads\/sites\/2\/2018\/07\/laden-1200-x700-300x175.png 300w, https:\/\/www.merkle-muenchen.de\/wp-content\/uploads\/sites\/2\/2018\/07\/laden-1200-x700-1024x597.png 1024w, https:\/\/www.merkle-muenchen.de\/wp-content\/uploads\/sites\/2\/2018\/07\/laden-1200-x700-768x448.png 768w\" sizes=\"(max-width: 1200px) 100vw, 1200px\" \/>\n\t\t <\/div>\n\t\t <div class='text'>\n\t\t <p>Bekommen Sie Einblick in unser Fachgesch\u00e4ft<\/p>\n\n\t\t <\/div>\n\t <\/div>\n\t \n\t <div class='item '>\n\t\t <div class='bild'>\n\t\t\t<img width=\"1200\" height=\"800\" src=\"https:\/\/www.merkle-muenchen.de\/wp-content\/uploads\/sites\/2\/2025\/01\/20241021-merkle-munchen-filiale-und-mitarbeiter-team-2-dsc09952-bearbeitet-2.jpg\" class=\"attachment-1200xauto size-1200xauto\" alt=\"\" decoding=\"async\" loading=\"lazy\" title=\"20241021 Merkle Mu\u0308nchen &#8211; Filiale und Mitarbeiter &#8211; Team 2 &#8211; DSC09952-Bearbeitet-2\" srcset=\"https:\/\/www.merkle-muenchen.de\/wp-content\/uploads\/sites\/2\/2025\/01\/20241021-merkle-munchen-filiale-und-mitarbeiter-team-2-dsc09952-bearbeitet-2.jpg 1920w, https:\/\/www.merkle-muenchen.de\/wp-content\/uploads\/sites\/2\/2025\/01\/20241021-merkle-munchen-filiale-und-mitarbeiter-team-2-dsc09952-bearbeitet-2-300x200.jpg 300w, https:\/\/www.merkle-muenchen.de\/wp-content\/uploads\/sites\/2\/2025\/01\/20241021-merkle-munchen-filiale-und-mitarbeiter-team-2-dsc09952-bearbeitet-2-1024x683.jpg 1024w, https:\/\/www.merkle-muenchen.de\/wp-content\/uploads\/sites\/2\/2025\/01\/20241021-merkle-munchen-filiale-und-mitarbeiter-team-2-dsc09952-bearbeitet-2-768x512.jpg 768w, https:\/\/www.merkle-muenchen.de\/wp-content\/uploads\/sites\/2\/2025\/01\/20241021-merkle-munchen-filiale-und-mitarbeiter-team-2-dsc09952-bearbeitet-2-1536x1024.jpg 1536w\" sizes=\"(max-width: 1200px) 100vw, 1200px\" \/>\n\t\t <\/div>\n\t\t <div class='text'>\n\t\t <p>Bekommen Sie Einblick in unser Fachgesch\u00e4ft<\/p>\n\n\t\t <\/div>\n\t <\/div>\n\t [\/vc_column][\/vc_row][vc_row disable_element=&#8221;yes&#8221; css=&#8221;.vc_custom_1653912563169{margin-top: 70px !important;}&#8221;][vc_column][vc_column_text]<\/p>\n<h2>Darum gehe ich zu Merkle&#8230;<\/h2>\n<h5>Wir bieten alles f\u00fcrs Schwei\u00dfen &amp; Schneiden<\/h5>\n<p>[\/vc_column_text][\/vc_column][\/vc_row][vc_row equal_height=&#8221;yes&#8221; disable_element=&#8221;yes&#8221; css=&#8221;.vc_custom_1653912567103{margin-top: 0px !important;padding-right: 35px !important;padding-left: 35px !important;}&#8221;][vc_column width=&#8221;1\/2&#8243; el_class=&#8221;case_slider&#8221; css=&#8221;.vc_custom_1529076534570{padding-top: 50px !important;}&#8221;][vc_column_text css=&#8221;.vc_custom_1530863564188{margin-bottom: 5px !important;}&#8221;]<em>Einmal Merkle immer Merkle. Die Qualit\u00e4t und der Service \u00fcberzeugen jedesmal aufs Neue. Seit 5 Jahren \u00a0bin ich regelm\u00e4\u00dfig Kunde und von Beratung bis hin zum Kauf eines Ger\u00e4tes kann ich Merkle nur weiterempfehlen.<\/em><\/p>\n<p><span class=\"author\">Industriemechaniker<\/span>[\/vc_column_text][vc_column_text css=&#8221;.vc_custom_1530863572611{margin-bottom: 5px !important;}&#8221;]<em>Einmal Merkle immer Merkle. Die Qualit\u00e4t und der Service \u00fcberzeugen jedesmal aufs Neue. Seit 5 Jahren \u00a0bin ich regelm\u00e4\u00dfig Kunde und von Beratung bis hin zum Kauf eines Ger\u00e4tes kann ich Merkle nur weiterempfehlen.<\/em><\/p>\n<p><span class=\"author\">Industriemechaniker<\/span>[\/vc_column_text][\/vc_column][vc_column width=&#8221;1\/2&#8243;][vc_single_image image=&#8221;1886&#8243; img_size=&#8221;medium&#8221; alignment=&#8221;center&#8221;][\/vc_column][\/vc_row]<\/p>\n","protected":false},"excerpt":{"rendered":"<p>[vc_row full_width=&#8221;stretch_row_content_no_spaces&#8221; el_class=&#8221;banner&#8221;][vc_column css=&#8221;.vc_custom_1516981756860{padding-right: 0px !important;padding-left: 0px !important;}&#8221;][vc_single_image image=&#8221;3307&#8243; img_size=&#8221;full&#8221; alignment=&#8221;center&#8221; el_class=&#8221;subhead-banner&#8221;][\/vc_column][\/vc_row][vc_row][vc_column][vc_custom_heading text=&#8221;Unser Schwei\u00dferladen&#8221; font_container=&#8221;tag:h1|text_align:left&#8221; use_theme_fonts=&#8221;yes&#8221;][vc_column_text] Alles, was ein Schwei\u00dfer braucht &#8211; auf Lager! [\/vc_column_text][vc_row_inner][vc_column_inner width=&#8221;1\/2&#8243;][vc_column_text]Als f\u00fchrender schwei\u00dftechnischer Fachh\u00e4ndler von hochwertigen Schwei\u00dfanlagen und Schwei\u00dfzubeh\u00f6r k\u00f6nnen wir Ihnen in unserem Schwei\u00dfladen alles, was ein Schwei\u00dfer braucht, direkt vor Ort bieten &#8211; und das sofort, denn wir [&hellip;]<\/p>\n","protected":false},"author":1,"featured_media":0,"parent":0,"menu_order":0,"comment_status":"closed","ping_status":"closed","template":"","meta":[],"translation":{"provider":"WPGlobus","version":"3.0.1","language":"fr","enabled_languages":["en","es","de","fr","ru"],"languages":{"en":{"title":true,"content":true,"excerpt":false},"es":{"title":false,"content":false,"excerpt":false},"de":{"title":false,"content":false,"excerpt":false},"fr":{"title":false,"content":false,"excerpt":false},"ru":{"title":false,"content":false,"excerpt":false}}},"acf":[],"yoast_head":"<!-- This site is optimized with the Yoast SEO plugin v21.1 - https:\/\/yoast.com\/wordpress\/plugins\/seo\/ -->\n<title>Schwei\u00dfladen M\u00fcnchen | Wilhelm Merkle Schwei\u00dftechnik GmbH<\/title>\n<meta name=\"robots\" content=\"index, follow, max-snippet:-1, max-image-preview:large, max-video-preview:-1\" \/>\n<link rel=\"canonical\" href=\"https:\/\/www.merkle-muenchen.de\/laden\/\" \/>\n<meta property=\"og:locale\" content=\"fr_FR\" \/>\n<meta property=\"og:type\" content=\"article\" \/>\n<meta property=\"og:title\" content=\"Laden - Wilhelm Merkle Schwei\u00dftechnik GmbH: merkle-muenchen.de\" \/>\n<meta property=\"og:url\" content=\"https:\/\/www.merkle-muenchen.de\/laden\/\" \/>\n<meta property=\"og:site_name\" content=\"Wilhelm Merkle Schwei\u00dftechnik GmbH: merkle-muenchen.de\" \/>\n<meta property=\"article:modified_time\" content=\"2025-01-13T13:12:35+00:00\" \/>\n<meta name=\"twitter:card\" content=\"summary_large_image\" \/>\n<meta name=\"twitter:label1\" content=\"Est. reading time\" \/>\n\t<meta name=\"twitter:data1\" content=\"3 minutes\" \/>\n<script type=\"application\/ld+json\" class=\"yoast-schema-graph\">{\"@context\":\"https:\/\/schema.org\",\"@graph\":[{\"@type\":\"WebPage\",\"@id\":\"https:\/\/www.merkle-muenchen.de\/laden\/\",\"url\":\"https:\/\/www.merkle-muenchen.de\/laden\/\",\"name\":\"Schwei\u00dfladen M\u00fcnchen | Wilhelm Merkle Schwei\u00dftechnik GmbH\",\"isPartOf\":{\"@id\":\"https:\/\/www.merkle-muenchen.de\/#website\"},\"datePublished\":\"2018-01-23T10:43:41+00:00\",\"dateModified\":\"2025-01-13T13:12:35+00:00\",\"description\":\"Alles, was ein Schwei\u00dfer braucht bieten wir als f\u00fchrender schweisstechnischer Fachh\u00e4ndler in unserem Schwei\u00dfladen M\u00fcnchen an - Alles auf Lager!\",\"breadcrumb\":{\"@id\":\"https:\/\/www.merkle-muenchen.de\/laden\/#breadcrumb\"},\"inLanguage\":\"fr-FR\",\"potentialAction\":[{\"@type\":\"ReadAction\",\"target\":[\"https:\/\/www.merkle-muenchen.de\/laden\/\"]}]},{\"@type\":\"BreadcrumbList\",\"@id\":\"https:\/\/www.merkle-muenchen.de\/laden\/#breadcrumb\",\"itemListElement\":[{\"@type\":\"ListItem\",\"position\":1,\"name\":\"Startseite\",\"item\":\"https:\/\/www.merkle-muenchen.de\/\"},{\"@type\":\"ListItem\",\"position\":2,\"name\":\"Laden\"}]},{\"@type\":\"WebSite\",\"@id\":\"https:\/\/www.merkle-muenchen.de\/#website\",\"url\":\"https:\/\/www.merkle-muenchen.de\/\",\"name\":\"Wilhelm Merkle Schwei\u00dftechnik GmbH: merkle-muenchen.de\",\"description\":\"\",\"potentialAction\":[{\"@type\":\"SearchAction\",\"target\":{\"@type\":\"EntryPoint\",\"urlTemplate\":\"https:\/\/www.merkle-muenchen.de\/?s={search_term_string}\"},\"query-input\":\"required name=search_term_string\"}],\"inLanguage\":\"fr-FR\"}]}<\/script>\n<!-- \/ Yoast SEO plugin. -->","yoast_head_json":{"title":"Schwei\u00dfladen M\u00fcnchen | Wilhelm Merkle Schwei\u00dftechnik GmbH","robots":{"index":"index","follow":"follow","max-snippet":"max-snippet:-1","max-image-preview":"max-image-preview:large","max-video-preview":"max-video-preview:-1"},"canonical":"https:\/\/www.merkle-muenchen.de\/laden\/","og_locale":"fr_FR","og_type":"article","og_title":"Laden - Wilhelm Merkle Schwei\u00dftechnik GmbH: merkle-muenchen.de","og_url":"https:\/\/www.merkle-muenchen.de\/laden\/","og_site_name":"Wilhelm Merkle Schwei\u00dftechnik GmbH: merkle-muenchen.de","article_modified_time":"2025-01-13T13:12:35+00:00","twitter_card":"summary_large_image","twitter_misc":{"Est. reading time":"3 minutes"},"schema":{"@context":"https:\/\/schema.org","@graph":[{"@type":"WebPage","@id":"https:\/\/www.merkle-muenchen.de\/laden\/","url":"https:\/\/www.merkle-muenchen.de\/laden\/","name":"Schwei\u00dfladen M\u00fcnchen | Wilhelm Merkle Schwei\u00dftechnik GmbH","isPartOf":{"@id":"https:\/\/www.merkle-muenchen.de\/#website"},"datePublished":"2018-01-23T10:43:41+00:00","dateModified":"2025-01-13T13:12:35+00:00","description":"Alles, was ein Schwei\u00dfer braucht bieten wir als f\u00fchrender schweisstechnischer Fachh\u00e4ndler in unserem Schwei\u00dfladen M\u00fcnchen an - Alles auf Lager!","breadcrumb":{"@id":"https:\/\/www.merkle-muenchen.de\/laden\/#breadcrumb"},"inLanguage":"fr-FR","potentialAction":[{"@type":"ReadAction","target":["https:\/\/www.merkle-muenchen.de\/laden\/"]}]},{"@type":"BreadcrumbList","@id":"https:\/\/www.merkle-muenchen.de\/laden\/#breadcrumb","itemListElement":[{"@type":"ListItem","position":1,"name":"Startseite","item":"https:\/\/www.merkle-muenchen.de\/"},{"@type":"ListItem","position":2,"name":"Laden"}]},{"@type":"WebSite","@id":"https:\/\/www.merkle-muenchen.de\/#website","url":"https:\/\/www.merkle-muenchen.de\/","name":"Wilhelm Merkle Schwei\u00dftechnik GmbH: merkle-muenchen.de","description":"","potentialAction":[{"@type":"SearchAction","target":{"@type":"EntryPoint","urlTemplate":"https:\/\/www.merkle-muenchen.de\/?s={search_term_string}"},"query-input":"required name=search_term_string"}],"inLanguage":"fr-FR"}]}},"_links":{"self":[{"href":"https:\/\/www.merkle-muenchen.de\/fr\/wp-json\/wp\/v2\/pages\/1798"}],"collection":[{"href":"https:\/\/www.merkle-muenchen.de\/fr\/wp-json\/wp\/v2\/pages"}],"about":[{"href":"https:\/\/www.merkle-muenchen.de\/fr\/wp-json\/wp\/v2\/types\/page"}],"author":[{"embeddable":true,"href":"https:\/\/www.merkle-muenchen.de\/fr\/wp-json\/wp\/v2\/users\/1"}],"replies":[{"embeddable":true,"href":"https:\/\/www.merkle-muenchen.de\/fr\/wp-json\/wp\/v2\/comments?post=1798"}],"version-history":[{"count":3,"href":"https:\/\/www.merkle-muenchen.de\/fr\/wp-json\/wp\/v2\/pages\/1798\/revisions"}],"predecessor-version":[{"id":3330,"href":"https:\/\/www.merkle-muenchen.de\/fr\/wp-json\/wp\/v2\/pages\/1798\/revisions\/3330"}],"wp:attachment":[{"href":"https:\/\/www.merkle-muenchen.de\/fr\/wp-json\/wp\/v2\/media?parent=1798"}],"curies":[{"name":"wp","href":"https:\/\/api.w.org\/{rel}","templated":true}]}}