{"id":2845,"date":"2024-01-08T23:58:09","date_gmt":"2024-01-08T22:58:09","guid":{"rendered":"https:\/\/merkle-muenchen.de\/?page_id=2845"},"modified":"2024-01-09T16:04:47","modified_gmt":"2024-01-09T15:04:47","slug":"service","status":"publish","type":"page","link":"https:\/\/www.merkle-muenchen.de\/es\/service\/","title":{"rendered":"Service"},"content":{"rendered":"<p>[vc_row full_width=&#8221;stretch_row_content_no_spaces&#8221;][vc_column css=&#8221;.vc_custom_1516981756860{padding-right: 0px !important;padding-left: 0px !important;}&#8221;][vc_single_image image=&#8221;1932&#8243; img_size=&#8221;full&#8221; alignment=&#8221;center&#8221; el_class=&#8221;subhead-banner&#8221;][\/vc_column][\/vc_row][vc_row][vc_column css=&#8221;.vc_custom_1529067831780{padding-top: 35px !important;padding-bottom: 35px !important;}&#8221;][vc_custom_heading text=&#8221;Merkle M\u00fcnchen Service<br \/>\nUnsere Leistungen &#8211; Ihre Vorteile!&#8221; font_container=&#8221;tag:h1|text_align:center&#8221; use_theme_fonts=&#8221;yes&#8221;][\/vc_column][\/vc_row][vc_row css=&#8221;.vc_custom_1519208547942{padding-right: 35px !important;padding-left: 35px !important;}&#8221;][vc_column width=&#8221;1\/3&#8243;][vc_icon icon_fontawesome=&#8221;fa fa-headphones&#8221; color=&#8221;custom&#8221; size=&#8221;lg&#8221; align=&#8221;center&#8221; css_animation=&#8221;fadeInUp&#8221; custom_color=&#8221;#21b2ba&#8221;][vc_column_text]<\/p>\n<h4 style=\"text-align: center\">24h Notdienst<\/h4>\n<p style=\"text-align: center\">Wir sind zu jeder Tages- und Nachtzeit gegen einen geringen Aufschlag f\u00fcr Sie da &#8211; wirklich einmalig in unserer Branche.<\/p>\n<p>[\/vc_column_text][\/vc_column][vc_column width=&#8221;1\/3&#8243;][vc_icon icon_fontawesome=&#8221;fa fa-clock-o&#8221; color=&#8221;custom&#8221; size=&#8221;lg&#8221; align=&#8221;center&#8221; css_animation=&#8221;fadeInUp&#8221; custom_color=&#8221;#21b2ba&#8221;][vc_column_text]<\/p>\n<h4 style=\"text-align: center;\">lange \u00d6ffnungszeiten<\/h4>\n<p style=\"text-align: center;\"><strong>Standort M\u00fcnchen:<\/strong><br \/>\nMo bis Fr: 6:30 &#8211; 18:00 Uhr<br \/>\nSa: 8:00 &#8211; 12:00 Uhr<br \/>\n<strong>Standort Landshut:<\/strong><br \/>\nMo bis Fr: 7:00 &#8211; 12:00 Uhr u. 13:00 &#8211; 17:30 Uhr<br \/>\n<strong>Standort Rosenheim:<\/strong><br \/>\nMo bis Do: 7:00 &#8211; 12:00 Uhr u. 13:00 &#8211; 17:30 Uhr<br \/>\nFr: 7:00 \u2013 12:00 Uhr u. 13:00 &#8211; 15:00 Uhr<\/p>\n<p>[\/vc_column_text][\/vc_column][vc_column width=&#8221;1\/3&#8243;][vc_icon icon_fontawesome=&#8221;fa fa-truck&#8221; color=&#8221;custom&#8221; size=&#8221;lg&#8221; align=&#8221;center&#8221; css_animation=&#8221;fadeInUp&#8221; custom_color=&#8221;#21b2ba&#8221;][vc_column_text]<\/p>\n<h4 style=\"text-align: center\">Lieferservice<\/h4>\n<p style=\"text-align: center\">Bei Bedarf liefern wir die bestellte Ware auch direkt zu Ihnen nach Hause.<\/p>\n<p>[\/vc_column_text][\/vc_column][\/vc_row][vc_row css=&#8221;.vc_custom_1519208547942{padding-right: 35px !important;padding-left: 35px !important;}&#8221;][vc_column width=&#8221;1\/3&#8243;][vc_icon icon_fontawesome=&#8221;fa fa-comment-o&#8221; color=&#8221;custom&#8221; size=&#8221;lg&#8221; align=&#8221;center&#8221; css_animation=&#8221;fadeInUp&#8221; custom_color=&#8221;#21b2ba&#8221; link=&#8221;|||&#8221;][vc_column_text]<\/p>\n<h4 style=\"text-align: center\">Vorf\u00fchrung<\/h4>\n<p style=\"text-align: center\">Sie k\u00f6nnen jedes Ger\u00e4t ausgiebig testen, entweder in unserem Vorf\u00fchrraum oder bei Ihnen zu Hause.<\/p>\n<p>[\/vc_column_text][\/vc_column][vc_column width=&#8221;1\/3&#8243;][vc_icon icon_fontawesome=&#8221;fa fa-credit-card&#8221; color=&#8221;custom&#8221; size=&#8221;lg&#8221; align=&#8221;center&#8221; css_animation=&#8221;fadeInUp&#8221; custom_color=&#8221;#21b2ba&#8221;][vc_column_text]<\/p>\n<h4 style=\"text-align: center\">Finanzierung<\/h4>\n<p style=\"text-align: center\">Alle unsere Anlagen k\u00f6nnen Sie bei uns einfach und unkompliziert ohne Bankeinschaltung direkt finanzieren.<\/p>\n<p>[\/vc_column_text][\/vc_column][vc_column width=&#8221;1\/3&#8243;][vc_icon icon_fontawesome=&#8221;fa fa-users&#8221; color=&#8221;custom&#8221; size=&#8221;lg&#8221; align=&#8221;center&#8221; css_animation=&#8221;fadeInUp&#8221; custom_color=&#8221;#21b2ba&#8221; link=&#8221;url:https%3A%2F%2Fwww.schweisskurse-merkle.de%2F||target:%20_blank|&#8221;][vc_column_text]<\/p>\n<h4 style=\"text-align: center\">Schwei\u00dfkurse<\/h4>\n<p style=\"text-align: center\">Wir bieten MIG\/MAG-, WIG- und Elektroden-Schwei\u00dfkurse f\u00fcr Einsteiger und Hobbybastler an.<br \/>\n<a href=\"http:\/\/www.schweisskurse-merkle.de\/\" target=\"_blank\" rel=\"noopener noreferrer\">www.schweisskurse-merkle.de<\/a>[\/vc_column_text][\/vc_column][\/vc_row][vc_row css=&#8221;.vc_custom_1519208547942{padding-right: 35px !important;padding-left: 35px !important;}&#8221;][vc_column width=&#8221;1\/3&#8243;][vc_icon icon_fontawesome=&#8221;fa fa-key&#8221; color=&#8221;custom&#8221; size=&#8221;lg&#8221; align=&#8221;center&#8221; css_animation=&#8221;fadeInUp&#8221; custom_color=&#8221;#21b2ba&#8221; link=&#8221;url:http%3A%2F%2Fschweissgeraete-mieten.de%2F|||&#8221;][vc_column_text]<\/p>\n<h4 style=\"text-align: center\">Mietanlagen<\/h4>\n<p style=\"text-align: center\">Wir vermieten so gut wie jede Schwei\u00df- und Schneidanlage.<br \/>\n<a href=\"http:\/\/www.schweissgeraete-mieten.de\/\" target=\"_top\" rel=\"noopener noreferrer\">www.schweissgeraete-mieten.de<\/a>[\/vc_column_text][\/vc_column][vc_column width=&#8221;1\/3&#8243;][vc_icon icon_fontawesome=&#8221;fa fa-recycle&#8221; color=&#8221;custom&#8221; size=&#8221;lg&#8221; align=&#8221;center&#8221; css_animation=&#8221;fadeInUp&#8221; custom_color=&#8221;#21b2ba&#8221; link=&#8221;url:http%3A%2F%2Fwww.gebrauchte-schweissgeraete.de|||&#8221;][vc_column_text]<\/p>\n<h4 style=\"text-align: center\">Gebrauchtanlagen<\/h4>\n<p style=\"text-align: center\">Suchen Sie eine besonders g\u00fcnstige Gebrauchtanlage?<br \/>\nDann fragen Sie unser Fachpersonal.<br \/>\n<a href=\"http:\/\/www.gebrauchte-schweissgeraete.de\/\" target=\"_blank\" rel=\"noopener noreferrer\">www.gebrauchte-schweissgeraete.de<\/a>[\/vc_column_text][\/vc_column][vc_column width=&#8221;1\/3&#8243;][vc_icon icon_fontawesome=&#8221;fa fa-wrench&#8221; color=&#8221;custom&#8221; size=&#8221;lg&#8221; align=&#8221;center&#8221; css_animation=&#8221;fadeInUp&#8221; custom_color=&#8221;#21b2ba&#8221; link=&#8221;url:http%3A%2F%2Fschweissgeraete-mieten.de%2Freparaturen%2F|||&#8221;][vc_column_text]<\/p>\n<h4 style=\"text-align: center\">Reparaturen<\/h4>\n<p style=\"text-align: center\">Wir reparieren defekte Anlagen aller Fabrikate und f\u00fchren auch die gesetzlich vorgeschriebenen Pr\u00fcfungen nach EN\/IEC 60 974-4 durch, entweder in unserer Werkstatt oder auch in Ihrem Betrieb.<br \/>\n<a href=\"https:\/\/schweissgeraete-mieten.de\/reparaturen\/\">www.schweissgeraete-mieten.de\/reparaturen<\/a>[\/vc_column_text][\/vc_column][\/vc_row]<\/p>\n","protected":false},"excerpt":{"rendered":"<p>[vc_row full_width=&#8221;stretch_row_content_no_spaces&#8221;][vc_column css=&#8221;.vc_custom_1516981756860{padding-right: 0px !important;padding-left: 0px !important;}&#8221;][vc_single_image image=&#8221;1932&#8243; img_size=&#8221;full&#8221; alignment=&#8221;center&#8221; el_class=&#8221;subhead-banner&#8221;][\/vc_column][\/vc_row][vc_row][vc_column css=&#8221;.vc_custom_1529067831780{padding-top: 35px !important;padding-bottom: 35px !important;}&#8221;][vc_custom_heading text=&#8221;Merkle M\u00fcnchen Service Unsere Leistungen &#8211; Ihre Vorteile!&#8221; font_container=&#8221;tag:h1|text_align:center&#8221; use_theme_fonts=&#8221;yes&#8221;][\/vc_column][\/vc_row][vc_row css=&#8221;.vc_custom_1519208547942{padding-right: 35px !important;padding-left: 35px !important;}&#8221;][vc_column width=&#8221;1\/3&#8243;][vc_icon icon_fontawesome=&#8221;fa fa-headphones&#8221; color=&#8221;custom&#8221; size=&#8221;lg&#8221; align=&#8221;center&#8221; css_animation=&#8221;fadeInUp&#8221; custom_color=&#8221;#21b2ba&#8221;][vc_column_text] 24h Notdienst Wir sind zu jeder Tages- und Nachtzeit gegen einen geringen Aufschlag f\u00fcr Sie da [&hellip;]<\/p>\n","protected":false},"author":1,"featured_media":0,"parent":0,"menu_order":0,"comment_status":"closed","ping_status":"closed","template":"","meta":[],"translation":{"provider":"WPGlobus","version":"3.0.1","language":"es","enabled_languages":["en","es","de","fr","ru"],"languages":{"en":{"title":true,"content":true,"excerpt":false},"es":{"title":false,"content":false,"excerpt":false},"de":{"title":false,"content":false,"excerpt":false},"fr":{"title":false,"content":false,"excerpt":false},"ru":{"title":false,"content":false,"excerpt":false}}},"acf":[],"yoast_head":"<!-- This site is optimized with the Yoast SEO plugin v21.1 - https:\/\/yoast.com\/wordpress\/plugins\/seo\/ -->\n<title>Merkle M\u00fcnchen Service | Merkle Schwei\u00dftechnik GmbH<\/title>\n<meta name=\"robots\" content=\"index, follow, max-snippet:-1, max-image-preview:large, max-video-preview:-1\" \/>\n<link rel=\"canonical\" href=\"https:\/\/www.merkle-muenchen.de\/service\/\" \/>\n<meta property=\"og:locale\" content=\"es_ES\" \/>\n<meta property=\"og:type\" content=\"article\" \/>\n<meta property=\"og:title\" content=\"Service - Wilhelm Merkle Schwei\u00dftechnik GmbH: merkle-muenchen.de\" \/>\n<meta property=\"og:url\" content=\"https:\/\/www.merkle-muenchen.de\/service\/\" \/>\n<meta property=\"og:site_name\" content=\"Wilhelm Merkle Schwei\u00dftechnik GmbH: merkle-muenchen.de\" \/>\n<meta property=\"article:modified_time\" content=\"2024-01-09T15:04:47+00:00\" \/>\n<meta name=\"twitter:card\" content=\"summary_large_image\" \/>\n<meta name=\"twitter:label1\" content=\"Est. reading time\" \/>\n\t<meta name=\"twitter:data1\" content=\"3 minutes\" \/>\n<script type=\"application\/ld+json\" class=\"yoast-schema-graph\">{\"@context\":\"https:\/\/schema.org\",\"@graph\":[{\"@type\":\"WebPage\",\"@id\":\"https:\/\/www.merkle-muenchen.de\/service\/\",\"url\":\"https:\/\/www.merkle-muenchen.de\/service\/\",\"name\":\"Merkle M\u00fcnchen Service | Merkle Schwei\u00dftechnik GmbH\",\"isPartOf\":{\"@id\":\"https:\/\/www.merkle-muenchen.de\/#website\"},\"datePublished\":\"2024-01-08T22:58:09+00:00\",\"dateModified\":\"2024-01-09T15:04:47+00:00\",\"description\":\"Der Merkle M\u00fcnchen Service, bietet Ihnen Vorteile wie Gebrauchtanlagen und Verleihservice sowie lange \u00d6ffnungszeiten und einen Notdienst.\",\"breadcrumb\":{\"@id\":\"https:\/\/www.merkle-muenchen.de\/service\/#breadcrumb\"},\"inLanguage\":\"es-ES\",\"potentialAction\":[{\"@type\":\"ReadAction\",\"target\":[\"https:\/\/www.merkle-muenchen.de\/service\/\"]}]},{\"@type\":\"BreadcrumbList\",\"@id\":\"https:\/\/www.merkle-muenchen.de\/service\/#breadcrumb\",\"itemListElement\":[{\"@type\":\"ListItem\",\"position\":1,\"name\":\"Startseite\",\"item\":\"https:\/\/www.merkle-muenchen.de\/\"},{\"@type\":\"ListItem\",\"position\":2,\"name\":\"Service\"}]},{\"@type\":\"WebSite\",\"@id\":\"https:\/\/www.merkle-muenchen.de\/#website\",\"url\":\"https:\/\/www.merkle-muenchen.de\/\",\"name\":\"Wilhelm Merkle Schwei\u00dftechnik GmbH: merkle-muenchen.de\",\"description\":\"\",\"potentialAction\":[{\"@type\":\"SearchAction\",\"target\":{\"@type\":\"EntryPoint\",\"urlTemplate\":\"https:\/\/www.merkle-muenchen.de\/?s={search_term_string}\"},\"query-input\":\"required name=search_term_string\"}],\"inLanguage\":\"es-ES\"}]}<\/script>\n<!-- \/ Yoast SEO plugin. -->","yoast_head_json":{"title":"Merkle M\u00fcnchen Service | Merkle Schwei\u00dftechnik GmbH","robots":{"index":"index","follow":"follow","max-snippet":"max-snippet:-1","max-image-preview":"max-image-preview:large","max-video-preview":"max-video-preview:-1"},"canonical":"https:\/\/www.merkle-muenchen.de\/service\/","og_locale":"es_ES","og_type":"article","og_title":"Service - Wilhelm Merkle Schwei\u00dftechnik GmbH: merkle-muenchen.de","og_url":"https:\/\/www.merkle-muenchen.de\/service\/","og_site_name":"Wilhelm Merkle Schwei\u00dftechnik GmbH: merkle-muenchen.de","article_modified_time":"2024-01-09T15:04:47+00:00","twitter_card":"summary_large_image","twitter_misc":{"Est. reading time":"3 minutes"},"schema":{"@context":"https:\/\/schema.org","@graph":[{"@type":"WebPage","@id":"https:\/\/www.merkle-muenchen.de\/service\/","url":"https:\/\/www.merkle-muenchen.de\/service\/","name":"Merkle M\u00fcnchen Service | Merkle Schwei\u00dftechnik GmbH","isPartOf":{"@id":"https:\/\/www.merkle-muenchen.de\/#website"},"datePublished":"2024-01-08T22:58:09+00:00","dateModified":"2024-01-09T15:04:47+00:00","description":"Der Merkle M\u00fcnchen Service, bietet Ihnen Vorteile wie Gebrauchtanlagen und Verleihservice sowie lange \u00d6ffnungszeiten und einen Notdienst.","breadcrumb":{"@id":"https:\/\/www.merkle-muenchen.de\/service\/#breadcrumb"},"inLanguage":"es-ES","potentialAction":[{"@type":"ReadAction","target":["https:\/\/www.merkle-muenchen.de\/service\/"]}]},{"@type":"BreadcrumbList","@id":"https:\/\/www.merkle-muenchen.de\/service\/#breadcrumb","itemListElement":[{"@type":"ListItem","position":1,"name":"Startseite","item":"https:\/\/www.merkle-muenchen.de\/"},{"@type":"ListItem","position":2,"name":"Service"}]},{"@type":"WebSite","@id":"https:\/\/www.merkle-muenchen.de\/#website","url":"https:\/\/www.merkle-muenchen.de\/","name":"Wilhelm Merkle Schwei\u00dftechnik GmbH: merkle-muenchen.de","description":"","potentialAction":[{"@type":"SearchAction","target":{"@type":"EntryPoint","urlTemplate":"https:\/\/www.merkle-muenchen.de\/?s={search_term_string}"},"query-input":"required name=search_term_string"}],"inLanguage":"es-ES"}]}},"_links":{"self":[{"href":"https:\/\/www.merkle-muenchen.de\/es\/wp-json\/wp\/v2\/pages\/2845"}],"collection":[{"href":"https:\/\/www.merkle-muenchen.de\/es\/wp-json\/wp\/v2\/pages"}],"about":[{"href":"https:\/\/www.merkle-muenchen.de\/es\/wp-json\/wp\/v2\/types\/page"}],"author":[{"embeddable":true,"href":"https:\/\/www.merkle-muenchen.de\/es\/wp-json\/wp\/v2\/users\/1"}],"replies":[{"embeddable":true,"href":"https:\/\/www.merkle-muenchen.de\/es\/wp-json\/wp\/v2\/comments?post=2845"}],"version-history":[{"count":2,"href":"https:\/\/www.merkle-muenchen.de\/es\/wp-json\/wp\/v2\/pages\/2845\/revisions"}],"predecessor-version":[{"id":3245,"href":"https:\/\/www.merkle-muenchen.de\/es\/wp-json\/wp\/v2\/pages\/2845\/revisions\/3245"}],"wp:attachment":[{"href":"https:\/\/www.merkle-muenchen.de\/es\/wp-json\/wp\/v2\/media?parent=2845"}],"curies":[{"name":"wp","href":"https:\/\/api.w.org\/{rel}","templated":true}]}}