{"id":277,"date":"2016-10-13T12:54:16","date_gmt":"2016-10-13T10:54:16","guid":{"rendered":"http:\/\/p404599.webspaceconfig.de\/?page_id=277"},"modified":"2025-08-27T13:10:18","modified_gmt":"2025-08-27T11:10:18","slug":"impressum","status":"publish","type":"page","link":"https:\/\/www.merkle-muenchen.de\/de\/impressum\/","title":{"rendered":"Impressum"},"content":{"rendered":"<p>[vc_row css=&#8220;.vc_custom_1517215740664{padding-top: 50px !important;padding-right: 35px !important;padding-left: 35px !important;}&#8220;][vc_column][vc_custom_heading source=&#8220;post_title&#8220; font_container=&#8220;tag:h1|text_align:left&#8220; use_theme_fonts=&#8220;yes&#8220;][vc_column_text]<strong>Wilhelm Merkle Schwei\u00dftechnik GmbH\u2028<\/strong><\/p>\n<p>Anton-B\u00f6ck-Str. 31<br \/>\n81249 M\u00fcnchen<\/p>\n<table>\n<tbody>\n<tr>\n<td>Telefon:<\/td>\n<td>+49 89 897717-0<\/td>\n<\/tr>\n<tr>\n<td>E-Mail:<\/td>\n<td>\u00a0info@merkle-muenchen.de<\/td>\n<\/tr>\n<tr>\n<td><\/td>\n<td><\/td>\n<\/tr>\n<\/tbody>\n<\/table>\n<p>Gesch\u00e4ftsf\u00fchrer: Siegfried Awissus<br \/>\nRegistergericht: M\u00fcnchen<br \/>\nRegisternummer: HRB 61 102<br \/>\nUmsatzsteuer-Identifikationsnummer \u2028gem\u00e4\u00df \u00a7 27 a Umsatzsteuergesetz:<br \/>\nDE129494432[\/vc_column_text][\/vc_column][\/vc_row][vc_row css=&#8220;.vc_custom_1517215748184{padding-right: 35px !important;padding-left: 35px !important;}&#8220;][vc_column][vc_column_text]Alle unsere Angebote sind freibleibend und basieren auf unseren allgemeinen \u2028Liefer- und Zahlungsbedingungen.<br \/>\nSollten Sie unsere allgemeinen Liefer- und Zahlungsbedingungen nicht vorliegen haben,\u2028 so senden wir Ihnen diese auf Anfrage gerne zu.<\/p>\n<p class=\"bodytext\">\u00a7 (&#8230;) Haftungsausschluss<\/p>\n<p class=\"bodytext\">Das Angebot der Firma Wilhelm Merkle Schwei\u00dftechnik GmbH und dieser Website \u2028richtet sich ausschlie\u00dflich an Kunden und Interessenten in folgenden L\u00e4ndern:<\/p>\n<ul>\n<li>Deutschland und den gesamten deutschsprachigen Raum<\/li>\n<li>alle L\u00e4nder der EU<\/li>\n<li>alle Beitrittskandidaten der EU<\/li>\n<\/ul>\n<p>Trotz sorgf\u00e4ltiger inhaltlicher Kontrolle \u00fcbernehmen wir keine Haftung f\u00fcr die Inhalte externer Links. F\u00fcr den Inhalt der verlinkten Seiten sind ausschlie\u00dflich deren Betreiber verantwortlich.<\/p>\n<p>Wir nehmen nicht an einem Streitbeilegungsverfahren vor einer Verbraucherschlichtungsstelle teil.<\/p>\n<p><strong>Haftung f\u00fcr Inhalte<\/strong><\/p>\n<p>Die Inhalte unserer Seiten wurden mit gr\u00f6\u00dfter Sorgfalt erstellt. F\u00fcr die Richtigkeit, Vollst\u00e4ndigkeit und Aktualit\u00e4t der Inhalte k\u00f6nnen wir jedoch keine Gew\u00e4hr \u00fcbernehmen. Als Diensteanbieter sind wir gem\u00e4\u00df \u00a7 7 Abs.1 TMG f\u00fcr eigene Inhalte auf diesen Seiten nach den allgemeinen Gesetzen verantwortlich. Nach \u00a7\u00a7 8 bis 10 TMG sind wir als Diensteanbieter jedoch nicht verpflichtet, \u00fcbermittelte oder gespeicherte fremde Informationen zu \u00fcberwachen oder nach Umst\u00e4nden zu forschen, die auf eine rechtswidrige T\u00e4tigkeit hinweisen. Verpflichtungen zur Entfernung oder Sperrung der Nutzung von Informationen nach den allgemeinen Gesetzen bleiben hiervon unber\u00fchrt. Eine diesbez\u00fcgliche Haftung ist jedoch erst ab dem Zeitpunkt der Kenntnis einer konkreten Rechtsverletzung m\u00f6glich. Bei Bekanntwerden von entsprechenden Rechtsverletzungen werden wir diese Inhalte umgehend entfernen.<\/p>\n<p><strong>Haftung f\u00fcr Links<\/strong><\/p>\n<p>Unser Angebot enth\u00e4lt Links zu externen Webseiten Dritter, auf deren Inhalte wir keinen Einfluss haben. Deshalb k\u00f6nnen wir f\u00fcr diese fremden Inhalte auch keine Gew\u00e4hr \u00fcbernehmen. F\u00fcr die Inhalte der verlinkten Seiten ist stets der jeweilige Anbieter oder Betreiber der Seiten verantwortlich. Die verlinkten Seiten wurden zum Zeitpunkt der Verlinkung auf m\u00f6gliche Rechtsverst\u00f6\u00dfe \u00fcberpr\u00fcft. Rechtswidrige Inhalte waren zum Zeitpunkt der Verlinkung nicht erkennbar. Eine permanente inhaltliche Kontrolle der verlinkten Seiten ist jedoch ohne konkrete Anhaltspunkte einer Rechtsverletzung nicht zumutbar. Bei Bekanntwerden von Rechtsverletzungen werden wir derartige Links umgehend entfernen.<\/p>\n<p><strong>Urheberrecht<\/strong><\/p>\n<p>Die durch die Seitenbetreiber erstellten Inhalte und Werke auf diesen Seiten unterliegen dem deutschen Urheberrecht. Die Vervielf\u00e4ltigung, Bearbeitung, Verbreitung und jede Art der Verwertung au\u00dferhalb der Grenzen des Urheberrechtes bed\u00fcrfen der schriftlichen Zustimmung des jeweiligen Autors bzw. Erstellers. Downloads und Kopien dieser Seite sind nur f\u00fcr den privaten, nicht kommerziellen Gebrauch gestattet. Soweit die Inhalte auf dieser Seite nicht vom Betreiber erstellt wurden, werden die Urheberrechte Dritter beachtet. Insbesondere werden Inhalte Dritter als solche gekennzeichnet. Sollten Sie trotzdem auf eine Urheberrechtsverletzung aufmerksam werden, bitten wir um einen entsprechenden Hinweis. Bei Bekanntwerden von Rechtsverletzungen werden wir derartige Inhalte umgehend entfernen.<\/p>\n<p><em>Quellen: <a href=\"http:\/\/www.e-recht24.de\/muster-disclaimer.htm\" target=\"_blank\" rel=\"noopener noreferrer\" data-htmlarea-external=\"1\">Disclaimer eRecht24<\/a><\/em>[\/vc_column_text][\/vc_column][\/vc_row][vc_row disable_element=&#8220;yes&#8220; css=&#8220;.vc_custom_1487590479905{margin-top: 50px !important;}&#8220; el_id=&#8220;shopimpressum&#8220;][vc_column][vc_custom_heading source=&#8220;post_title&#8220; font_container=&#8220;tag:h1|text_align:left&#8220; use_theme_fonts=&#8220;yes&#8220;][vc_column_text]<strong>Haftungshinweis und Lizenz: Das nachstehende Muster-Impressum ist von einem Rechtsanwalt erstellt worden (http:\/\/rechtsanwalt-schwenke.de). Sie entspricht den rechtlichen Anforderungen eines typischen, an Verbraucher gerichteten Onlineshops. Jedoch sollten Sie das Muster nur nach sorgf\u00e4ltiger Pr\u00fcfung und Anpassung auf Ihr konkretes Gesch\u00e4ftsmodell verwenden. Die Klauseln k\u00f6nnen in bestimmten Konstellationen nicht ausreichend sein. Lassen Sie sich im Zweifel rechtlich beraten.<\/strong><\/p>\n<p><strong>Das Muster-Impressum ist urheberrechtlich gesch\u00fctzt und deren Nutzung nur im Rahmen der German Market-Lizenz innerhalb des Shops erlaubt. D.h. das Muster-Impressum darf z.B. nicht auf anderen Websites verwendet werden.<\/strong><\/p>\n<p><strong>Bearbeitungshinweis: Bitte pr\u00fcfen Sie und \u00e4ndern die Angaben entsprechend Ihren Bed\u00fcrfnissen.<\/strong><\/p>\n<p>DemoShop e.K.,<br \/>\nInhaber: Max Muster Demostra\u00dfe 1<br \/>\n12345 Demostadt<\/p>\n<p>Gesch\u00e4ftsf\u00fchrung: Max Muster<br \/>\n[Einzelunternehmer d\u00fcrfen sich nur als Inhaber, nicht als Gesch\u00e4ftsf\u00fchrer bezeichnen. Bei Gesellschaften, z.B. GbR\/OHG\/UG\/GmbH m\u00fcssen die Gesch\u00e4ftsf\u00fchrer, bzw. gesch\u00e4ftsf\u00fchrenden Gesellschafter genannt werden, z.B. bei einer GmbH &#8222;Gesch\u00e4ftsf\u00fchrer: Max Mustermann&#8220; oder bei einer GbR &#8222;Gesellschafter: Max Mustermann, Peter M\u00fcller&#8220;]<\/p>\n<p>Telefonnummer: 0123456789<br \/>\nE-Mailadresse:\u00a0name @ marketpress.com<\/p>\n<p>Registergericht &amp; Registernummer: Amtsgericht Demostadt: HR 12345<br \/>\n[Diese Angabe ist notwendig, falls Sie im Handels\/Gesellschaftsregister o.\u00e4. registriert sind]<\/p>\n<p>Umsatzsteuer-Identifikationsnummer: DE 189 278 309<br \/>\n[Diese Angabe ist notwendig, falls Ihnen eine UStId-Nr zugeteilt worden ist.]<\/p>\n<p>Inhaltlich verantwortlich: Max Muster, Adresse wie oben.<br \/>\n[Diese Angabe ist notwendig, falls Sie einen Blog zum Shop f\u00fchren.]<\/p>\n<p>[\/vc_column_text][\/vc_column][\/vc_row][vc_row css=&#8220;.vc_custom_1517215757638{padding-right: 35px !important;padding-left: 35px !important;}&#8220;][vc_column][vc_column_text]<strong>Bildnachweise<\/strong><\/p>\n<ul>\n<li>Fotolia #84280741 \u00a9topshots<\/li>\n<li>Fotolia #88619864 \u00a9Stocked House<\/li>\n<li>Fotolia #119785607 \u00a9VeremeeV_1980<\/li>\n<li>Fotolia #138703523 \u00a9nikkytok<\/li>\n<li>Fotolia #142949391 \u00a9kerkezz<\/li>\n<li>Fotolia #151176578 \u00a9ekostsov<\/li>\n<li>Fotolia #174940361 \u00a9robdoss<\/li>\n<li>Fotolia #1211011522 \u00a9Jacob Lund<\/li>\n<\/ul>\n<p>[\/vc_column_text][\/vc_column][\/vc_row]<\/p>\n","protected":false},"excerpt":{"rendered":"<p>[vc_row css=&#8220;.vc_custom_1517215740664{padding-top: 50px !important;padding-right: 35px !important;padding-left: 35px !important;}&#8220;][vc_column][vc_custom_heading source=&#8220;post_title&#8220; font_container=&#8220;tag:h1|text_align:left&#8220; use_theme_fonts=&#8220;yes&#8220;][vc_column_text]Wilhelm Merkle Schwei\u00dftechnik GmbH\u2028 Anton-B\u00f6ck-Str. 31 81249 M\u00fcnchen Telefon: +49 89 897717-0 E-Mail: \u00a0info@merkle-muenchen.de Gesch\u00e4ftsf\u00fchrer: Siegfried Awissus Registergericht: M\u00fcnchen Registernummer: HRB 61 102 Umsatzsteuer-Identifikationsnummer \u2028gem\u00e4\u00df \u00a7 27 a Umsatzsteuergesetz: DE129494432[\/vc_column_text][\/vc_column][\/vc_row][vc_row css=&#8220;.vc_custom_1517215748184{padding-right: 35px !important;padding-left: 35px !important;}&#8220;][vc_column][vc_column_text]Alle unsere Angebote sind freibleibend und basieren auf unseren allgemeinen \u2028Liefer- [&hellip;]<\/p>\n","protected":false},"author":1,"featured_media":0,"parent":0,"menu_order":2,"comment_status":"closed","ping_status":"closed","template":"","meta":[],"translation":{"provider":"WPGlobus","version":"3.0.1","language":"de","enabled_languages":["en","es","de","fr","ru"],"languages":{"en":{"title":true,"content":true,"excerpt":false},"es":{"title":false,"content":false,"excerpt":false},"de":{"title":false,"content":false,"excerpt":false},"fr":{"title":false,"content":false,"excerpt":false},"ru":{"title":false,"content":false,"excerpt":false}}},"acf":[],"yoast_head":"<!-- This site is optimized with the Yoast SEO plugin v21.1 - https:\/\/yoast.com\/wordpress\/plugins\/seo\/ -->\n<title>Impressum Merkle M\u00fcnchen | Merkle Schwei\u00dftechnik GmbH<\/title>\n<meta name=\"robots\" content=\"index, follow, max-snippet:-1, max-image-preview:large, max-video-preview:-1\" \/>\n<link rel=\"canonical\" href=\"https:\/\/www.merkle-muenchen.de\/impressum\/\" \/>\n<meta property=\"og:locale\" content=\"de_DE\" \/>\n<meta property=\"og:type\" content=\"article\" \/>\n<meta property=\"og:title\" content=\"Impressum - Wilhelm Merkle Schwei\u00dftechnik GmbH: merkle-muenchen.de\" \/>\n<meta property=\"og:url\" content=\"https:\/\/www.merkle-muenchen.de\/impressum\/\" \/>\n<meta property=\"og:site_name\" content=\"Wilhelm Merkle Schwei\u00dftechnik GmbH: merkle-muenchen.de\" \/>\n<meta property=\"article:modified_time\" content=\"2025-08-27T11:10:18+00:00\" \/>\n<meta name=\"twitter:card\" content=\"summary_large_image\" \/>\n<meta name=\"twitter:label1\" content=\"Gesch\u00e4tzte Lesezeit\" \/>\n\t<meta name=\"twitter:data1\" content=\"4\u00a0Minuten\" \/>\n<script type=\"application\/ld+json\" class=\"yoast-schema-graph\">{\"@context\":\"https:\/\/schema.org\",\"@graph\":[{\"@type\":\"WebPage\",\"@id\":\"https:\/\/www.merkle-muenchen.de\/impressum\/\",\"url\":\"https:\/\/www.merkle-muenchen.de\/impressum\/\",\"name\":\"Impressum Merkle M\u00fcnchen | Merkle Schwei\u00dftechnik GmbH\",\"isPartOf\":{\"@id\":\"https:\/\/www.merkle-muenchen.de\/#website\"},\"datePublished\":\"2016-10-13T10:54:16+00:00\",\"dateModified\":\"2025-08-27T11:10:18+00:00\",\"description\":\"Impressum der Merkle Schwei\u00dftechnik GmbH Anton-B\u00f6ck-Str. 31 81249 M\u00fcnchen Telefon: +49 89 897717-0 E-Mail: \u00a0info@merkle-muenchen.de\",\"breadcrumb\":{\"@id\":\"https:\/\/www.merkle-muenchen.de\/impressum\/#breadcrumb\"},\"inLanguage\":\"de\",\"potentialAction\":[{\"@type\":\"ReadAction\",\"target\":[\"https:\/\/www.merkle-muenchen.de\/impressum\/\"]}]},{\"@type\":\"BreadcrumbList\",\"@id\":\"https:\/\/www.merkle-muenchen.de\/impressum\/#breadcrumb\",\"itemListElement\":[{\"@type\":\"ListItem\",\"position\":1,\"name\":\"Startseite\",\"item\":\"https:\/\/www.merkle-muenchen.de\/\"},{\"@type\":\"ListItem\",\"position\":2,\"name\":\"Impressum\"}]},{\"@type\":\"WebSite\",\"@id\":\"https:\/\/www.merkle-muenchen.de\/#website\",\"url\":\"https:\/\/www.merkle-muenchen.de\/\",\"name\":\"Wilhelm Merkle Schwei\u00dftechnik GmbH: merkle-muenchen.de\",\"description\":\"\",\"potentialAction\":[{\"@type\":\"SearchAction\",\"target\":{\"@type\":\"EntryPoint\",\"urlTemplate\":\"https:\/\/www.merkle-muenchen.de\/?s={search_term_string}\"},\"query-input\":\"required name=search_term_string\"}],\"inLanguage\":\"de\"}]}<\/script>\n<!-- \/ Yoast SEO plugin. -->","yoast_head_json":{"title":"Impressum Merkle M\u00fcnchen | Merkle Schwei\u00dftechnik GmbH","robots":{"index":"index","follow":"follow","max-snippet":"max-snippet:-1","max-image-preview":"max-image-preview:large","max-video-preview":"max-video-preview:-1"},"canonical":"https:\/\/www.merkle-muenchen.de\/impressum\/","og_locale":"de_DE","og_type":"article","og_title":"Impressum - Wilhelm Merkle Schwei\u00dftechnik GmbH: merkle-muenchen.de","og_url":"https:\/\/www.merkle-muenchen.de\/impressum\/","og_site_name":"Wilhelm Merkle Schwei\u00dftechnik GmbH: merkle-muenchen.de","article_modified_time":"2025-08-27T11:10:18+00:00","twitter_card":"summary_large_image","twitter_misc":{"Gesch\u00e4tzte Lesezeit":"4\u00a0Minuten"},"schema":{"@context":"https:\/\/schema.org","@graph":[{"@type":"WebPage","@id":"https:\/\/www.merkle-muenchen.de\/impressum\/","url":"https:\/\/www.merkle-muenchen.de\/impressum\/","name":"Impressum Merkle M\u00fcnchen | Merkle Schwei\u00dftechnik GmbH","isPartOf":{"@id":"https:\/\/www.merkle-muenchen.de\/#website"},"datePublished":"2016-10-13T10:54:16+00:00","dateModified":"2025-08-27T11:10:18+00:00","description":"Impressum der Merkle Schwei\u00dftechnik GmbH Anton-B\u00f6ck-Str. 31 81249 M\u00fcnchen Telefon: +49 89 897717-0 E-Mail: \u00a0info@merkle-muenchen.de","breadcrumb":{"@id":"https:\/\/www.merkle-muenchen.de\/impressum\/#breadcrumb"},"inLanguage":"de","potentialAction":[{"@type":"ReadAction","target":["https:\/\/www.merkle-muenchen.de\/impressum\/"]}]},{"@type":"BreadcrumbList","@id":"https:\/\/www.merkle-muenchen.de\/impressum\/#breadcrumb","itemListElement":[{"@type":"ListItem","position":1,"name":"Startseite","item":"https:\/\/www.merkle-muenchen.de\/"},{"@type":"ListItem","position":2,"name":"Impressum"}]},{"@type":"WebSite","@id":"https:\/\/www.merkle-muenchen.de\/#website","url":"https:\/\/www.merkle-muenchen.de\/","name":"Wilhelm Merkle Schwei\u00dftechnik GmbH: merkle-muenchen.de","description":"","potentialAction":[{"@type":"SearchAction","target":{"@type":"EntryPoint","urlTemplate":"https:\/\/www.merkle-muenchen.de\/?s={search_term_string}"},"query-input":"required name=search_term_string"}],"inLanguage":"de"}]}},"_links":{"self":[{"href":"https:\/\/www.merkle-muenchen.de\/de\/wp-json\/wp\/v2\/pages\/277"}],"collection":[{"href":"https:\/\/www.merkle-muenchen.de\/de\/wp-json\/wp\/v2\/pages"}],"about":[{"href":"https:\/\/www.merkle-muenchen.de\/de\/wp-json\/wp\/v2\/types\/page"}],"author":[{"embeddable":true,"href":"https:\/\/www.merkle-muenchen.de\/de\/wp-json\/wp\/v2\/users\/1"}],"replies":[{"embeddable":true,"href":"https:\/\/www.merkle-muenchen.de\/de\/wp-json\/wp\/v2\/comments?post=277"}],"version-history":[{"count":4,"href":"https:\/\/www.merkle-muenchen.de\/de\/wp-json\/wp\/v2\/pages\/277\/revisions"}],"predecessor-version":[{"id":3362,"href":"https:\/\/www.merkle-muenchen.de\/de\/wp-json\/wp\/v2\/pages\/277\/revisions\/3362"}],"wp:attachment":[{"href":"https:\/\/www.merkle-muenchen.de\/de\/wp-json\/wp\/v2\/media?parent=277"}],"curies":[{"name":"wp","href":"https:\/\/api.w.org\/{rel}","templated":true}]}}