{"id":1866,"date":"2018-01-25T12:23:31","date_gmt":"2018-01-25T11:23:31","guid":{"rendered":"https:\/\/merkle-muenchen.de\/nutzungsbedingungen\/"},"modified":"2018-01-25T12:23:31","modified_gmt":"2018-01-25T11:23:31","slug":"nutzungsbedingungen","status":"publish","type":"page","link":"https:\/\/www.merkle-muenchen.de\/de\/nutzungsbedingungen\/","title":{"rendered":"Nutzungsbedingungen"},"content":{"rendered":"<p>[vc_row][vc_column][vc_column_text]<\/p>\n<h1>Nutzungsbedingungen<\/h1>\n<p><strong>Markenzeichen<br \/>\n<\/strong>Die Wort- und Bildmarken auf MERKLE Schwei\u00dfanlagen-Technik GmbH Internetseiten sind gr\u00f6\u00dftenteils markenrechtlich gesch\u00fctzt. Dies gilt insbesondere f\u00fcr Logos, Produktnamen und Typenbezeichnungen.<\/p>\n<p><strong>Hinweis zu externen Links<br \/>\n<\/strong>Mit Urteil vom 12. Mai 1998 hat das Landgericht Hamburg entschieden, dass man durch die Ausbringung eines Links die Inhalte der gelinkten Seite ggf. mit zu verantworten hat. Dies kann &#8211; so das LG &#8211; nur dadurch verhindert werden, dass man sich ausdr\u00fccklich von diesen Inhalten distanziert. Wir haben auf dieser Website eine Reihe von Links zu anderen Seiten im Internet gelegt. F\u00fcr all diese Links, gilt: Wir m\u00f6chten ausdr\u00fccklich betonen, dass wir keinerlei Einfluss auf die Gestaltung und die Inhalte der gelinkten Seiten haben. Deshalb distanzieren wir uns hiermit ausdr\u00fccklich von allen Inhalten dieser Seiten machen uns ihre Inhalte nicht zu Eigen. Diese Erkl\u00e4rung gilt f\u00fcr alle Links und f\u00fcr die Inhalte der Seiten, zu denen unsere Links f\u00fchren.<\/p>\n<p><strong>Copyright<br \/>\n<\/strong>MERKLE Schwei\u00dfanlagen-Technik GmbH beh\u00e4lt sich alle Rechte an Texten, Bilder, Grafiken, Sounddateien, Animationen die zur Gestaltung der Internetseiten verwendet wurden vor. Diese Elemente unterliegen weitestgehend dem Schutz des Urheberrechts und anderer Schutzgesetze. Teilweise unterliegen die zur Gestaltung verwendeten Elemente auch den Urheberrechten Dritter. Der Inhalt der MERKLE-Websites darf ohne Genehmigung der Merkle Schwei\u00dfanlagen-Technik GmbH nicht zu kommerziellen Zwecken kopiert, verbreitet, ver\u00e4ndert oder Dritten zug\u00e4nglich gemacht werden. Hiervon ausgenommen sind Dateien, die von Merkle Schwei\u00dfanlagen-Technik GmbH auf den Webseiten ausdr\u00fccklich zum Download und zur Ver\u00f6ffentlichung angeboten werden.<\/p>\n<p><strong>Keine Garantie, Haftungsausschluss<br \/>\n<\/strong>Alle MERKLE Internetseiten wurden mit gr\u00f6\u00dftm\u00f6glicher Sorgfalt erstellt. Trotzdem kann MERKLE Schwei\u00dfanlagen-Technik GmbH f\u00fcr die Fehlerfreiheit und Genauigkeit der enthaltenen Informationen nicht garantieren. MERKLE Schwei\u00dfanlagen-Technik GmbH schlie\u00dft jegliche Haftung f\u00fcr Sch\u00e4den, die direkt oder indirekt aus der Benutzung dieser Website entstehen, aus, soweit diese nicht auf Vorsatz oder grober Fahrl\u00e4ssigkeit von MERKLE Schwei\u00dfanlagen-Technik GmbH oder von deren Erf\u00fcllungsgehilfen beruhen. Das Downloaden von Dateien und die Eingabe pers\u00f6nlicher Daten erfolgt auf eigene Gefahr des Benutzers.[\/vc_column_text][\/vc_column][\/vc_row]<\/p>\n","protected":false},"excerpt":{"rendered":"<p>[vc_row][vc_column][vc_column_text] Nutzungsbedingungen Markenzeichen Die Wort- und Bildmarken auf MERKLE Schwei\u00dfanlagen-Technik GmbH Internetseiten sind gr\u00f6\u00dftenteils markenrechtlich gesch\u00fctzt. Dies gilt insbesondere f\u00fcr Logos, Produktnamen und Typenbezeichnungen. Hinweis zu externen Links Mit Urteil vom 12. Mai 1998 hat das Landgericht Hamburg entschieden, dass man durch die Ausbringung eines Links die Inhalte der gelinkten Seite ggf. mit zu verantworten [&hellip;]<\/p>\n","protected":false},"author":1,"featured_media":0,"parent":0,"menu_order":0,"comment_status":"closed","ping_status":"closed","template":"","meta":[],"translation":{"provider":"WPGlobus","version":"3.0.1","language":"de","enabled_languages":["en","es","de","fr","ru"],"languages":{"en":{"title":true,"content":true,"excerpt":false},"es":{"title":false,"content":false,"excerpt":false},"de":{"title":false,"content":false,"excerpt":false},"fr":{"title":false,"content":false,"excerpt":false},"ru":{"title":false,"content":false,"excerpt":false}}},"acf":[],"yoast_head":"<!-- This site is optimized with the Yoast SEO plugin v21.1 - https:\/\/yoast.com\/wordpress\/plugins\/seo\/ -->\n<title>Nutzungsbedingungen Merkle M\u00fcnchen | Merkle Schwei\u00dftechnik GmbH<\/title>\n<meta name=\"robots\" content=\"index, follow, max-snippet:-1, max-image-preview:large, max-video-preview:-1\" \/>\n<link rel=\"canonical\" href=\"https:\/\/www.merkle-muenchen.de\/nutzungsbedingungen\/\" \/>\n<meta property=\"og:locale\" content=\"de_DE\" \/>\n<meta property=\"og:type\" content=\"article\" \/>\n<meta property=\"og:title\" content=\"Nutzungsbedingungen - Wilhelm Merkle Schwei\u00dftechnik GmbH: merkle-muenchen.de\" \/>\n<meta property=\"og:url\" content=\"https:\/\/www.merkle-muenchen.de\/nutzungsbedingungen\/\" \/>\n<meta property=\"og:site_name\" content=\"Wilhelm Merkle Schwei\u00dftechnik GmbH: merkle-muenchen.de\" \/>\n<meta name=\"twitter:card\" content=\"summary_large_image\" \/>\n<meta name=\"twitter:label1\" content=\"Gesch\u00e4tzte Lesezeit\" \/>\n\t<meta name=\"twitter:data1\" content=\"2\u00a0Minuten\" \/>\n<script type=\"application\/ld+json\" class=\"yoast-schema-graph\">{\"@context\":\"https:\/\/schema.org\",\"@graph\":[{\"@type\":\"WebPage\",\"@id\":\"https:\/\/www.merkle-muenchen.de\/nutzungsbedingungen\/\",\"url\":\"https:\/\/www.merkle-muenchen.de\/nutzungsbedingungen\/\",\"name\":\"Nutzungsbedingungen Merkle M\u00fcnchen | Merkle Schwei\u00dftechnik GmbH\",\"isPartOf\":{\"@id\":\"https:\/\/www.merkle-muenchen.de\/#website\"},\"datePublished\":\"2018-01-25T11:23:31+00:00\",\"dateModified\":\"2018-01-25T11:23:31+00:00\",\"description\":\"Hier finden Sie die Nutzungsbedingungen der Merkle Schwei\u00dftechnik GmbH. Nutzungsbedingungen Merkle M\u00fcnchen bitte lesen Sie diese sorgf\u00e4ltig.\",\"breadcrumb\":{\"@id\":\"https:\/\/www.merkle-muenchen.de\/nutzungsbedingungen\/#breadcrumb\"},\"inLanguage\":\"de\",\"potentialAction\":[{\"@type\":\"ReadAction\",\"target\":[\"https:\/\/www.merkle-muenchen.de\/nutzungsbedingungen\/\"]}]},{\"@type\":\"BreadcrumbList\",\"@id\":\"https:\/\/www.merkle-muenchen.de\/nutzungsbedingungen\/#breadcrumb\",\"itemListElement\":[{\"@type\":\"ListItem\",\"position\":1,\"name\":\"Startseite\",\"item\":\"https:\/\/www.merkle-muenchen.de\/\"},{\"@type\":\"ListItem\",\"position\":2,\"name\":\"Nutzungsbedingungen\"}]},{\"@type\":\"WebSite\",\"@id\":\"https:\/\/www.merkle-muenchen.de\/#website\",\"url\":\"https:\/\/www.merkle-muenchen.de\/\",\"name\":\"Wilhelm Merkle Schwei\u00dftechnik GmbH: merkle-muenchen.de\",\"description\":\"\",\"potentialAction\":[{\"@type\":\"SearchAction\",\"target\":{\"@type\":\"EntryPoint\",\"urlTemplate\":\"https:\/\/www.merkle-muenchen.de\/?s={search_term_string}\"},\"query-input\":\"required name=search_term_string\"}],\"inLanguage\":\"de\"}]}<\/script>\n<!-- \/ Yoast SEO plugin. -->","yoast_head_json":{"title":"Nutzungsbedingungen Merkle M\u00fcnchen | Merkle Schwei\u00dftechnik GmbH","robots":{"index":"index","follow":"follow","max-snippet":"max-snippet:-1","max-image-preview":"max-image-preview:large","max-video-preview":"max-video-preview:-1"},"canonical":"https:\/\/www.merkle-muenchen.de\/nutzungsbedingungen\/","og_locale":"de_DE","og_type":"article","og_title":"Nutzungsbedingungen - Wilhelm Merkle Schwei\u00dftechnik GmbH: merkle-muenchen.de","og_url":"https:\/\/www.merkle-muenchen.de\/nutzungsbedingungen\/","og_site_name":"Wilhelm Merkle Schwei\u00dftechnik GmbH: merkle-muenchen.de","twitter_card":"summary_large_image","twitter_misc":{"Gesch\u00e4tzte Lesezeit":"2\u00a0Minuten"},"schema":{"@context":"https:\/\/schema.org","@graph":[{"@type":"WebPage","@id":"https:\/\/www.merkle-muenchen.de\/nutzungsbedingungen\/","url":"https:\/\/www.merkle-muenchen.de\/nutzungsbedingungen\/","name":"Nutzungsbedingungen Merkle M\u00fcnchen | Merkle Schwei\u00dftechnik GmbH","isPartOf":{"@id":"https:\/\/www.merkle-muenchen.de\/#website"},"datePublished":"2018-01-25T11:23:31+00:00","dateModified":"2018-01-25T11:23:31+00:00","description":"Hier finden Sie die Nutzungsbedingungen der Merkle Schwei\u00dftechnik GmbH. Nutzungsbedingungen Merkle M\u00fcnchen bitte lesen Sie diese sorgf\u00e4ltig.","breadcrumb":{"@id":"https:\/\/www.merkle-muenchen.de\/nutzungsbedingungen\/#breadcrumb"},"inLanguage":"de","potentialAction":[{"@type":"ReadAction","target":["https:\/\/www.merkle-muenchen.de\/nutzungsbedingungen\/"]}]},{"@type":"BreadcrumbList","@id":"https:\/\/www.merkle-muenchen.de\/nutzungsbedingungen\/#breadcrumb","itemListElement":[{"@type":"ListItem","position":1,"name":"Startseite","item":"https:\/\/www.merkle-muenchen.de\/"},{"@type":"ListItem","position":2,"name":"Nutzungsbedingungen"}]},{"@type":"WebSite","@id":"https:\/\/www.merkle-muenchen.de\/#website","url":"https:\/\/www.merkle-muenchen.de\/","name":"Wilhelm Merkle Schwei\u00dftechnik GmbH: merkle-muenchen.de","description":"","potentialAction":[{"@type":"SearchAction","target":{"@type":"EntryPoint","urlTemplate":"https:\/\/www.merkle-muenchen.de\/?s={search_term_string}"},"query-input":"required name=search_term_string"}],"inLanguage":"de"}]}},"_links":{"self":[{"href":"https:\/\/www.merkle-muenchen.de\/de\/wp-json\/wp\/v2\/pages\/1866"}],"collection":[{"href":"https:\/\/www.merkle-muenchen.de\/de\/wp-json\/wp\/v2\/pages"}],"about":[{"href":"https:\/\/www.merkle-muenchen.de\/de\/wp-json\/wp\/v2\/types\/page"}],"author":[{"embeddable":true,"href":"https:\/\/www.merkle-muenchen.de\/de\/wp-json\/wp\/v2\/users\/1"}],"replies":[{"embeddable":true,"href":"https:\/\/www.merkle-muenchen.de\/de\/wp-json\/wp\/v2\/comments?post=1866"}],"version-history":[{"count":0,"href":"https:\/\/www.merkle-muenchen.de\/de\/wp-json\/wp\/v2\/pages\/1866\/revisions"}],"wp:attachment":[{"href":"https:\/\/www.merkle-muenchen.de\/de\/wp-json\/wp\/v2\/media?parent=1866"}],"curies":[{"name":"wp","href":"https:\/\/api.w.org\/{rel}","templated":true}]}}